{"id":31597,"date":"2025-11-25T22:08:05","date_gmt":"2025-11-25T21:08:05","guid":{"rendered":"https:\/\/www.hirtenberg-apotheke.at\/katalog\/produkt\/geratherm-clinic-digitales-thermometer-1-stk\/"},"modified":"2025-11-25T22:08:11","modified_gmt":"2025-11-25T21:08:11","slug":"geratherm-clinic-digitales-thermometer-1-stk","status":"publish","type":"product","link":"https:\/\/www.hirtenberg-apotheke.at\/katalog\/produkt\/geratherm-clinic-digitales-thermometer-1-stk\/","title":{"rendered":"Geratherm Clinic Digitales Thermometer 1 Stk."},"content":{"rendered":"<p>Geratherm clinic Digitales Fieberthermometer ist ein robustes und langlebiges Thermometer, welches speziell f\u00fcr den Klinikeinsatz entwickelt wurde. 24 Stunden im Wasserbad sind kein Problem f\u00fcr das Geratherm clinic. Es ist besonders hygienisch und resistent gegen alle handels\u00fcblichen Desinfektionsmittel, f\u00fcr den klinischen Einsatz entwickelt, 100 % wasserdicht f\u00fcr leichte Reinigung und Desinfektion. Gro\u00dfe 3-stellige Anzeige f\u00fcr leichtes Ablesen der Messwerte.<\/p>\n","protected":false},"excerpt":{"rendered":"<p>Geratherm clinic Digitales Fieberthermometer ist ein robustes und langlebiges Thermometer, welches speziell f\u00fcr den Klinikeinsatz entwickelt wurde. 24 Stunden im Wasserbad sind kein Problem f\u00fcr das Geratherm clinic. Es ist besonders hygienisch und resistent gegen alle handels\u00fcblichen Desinfektionsmittel, f\u00fcr den klinischen Einsatz entwickelt, 100 % wasserdicht f\u00fcr leichte Reinigung und Desinfektion. Gro\u00dfe 3-stellige Anzeige f\u00fcr [&hellip;]<\/p>\n","protected":false},"featured_media":31599,"template":"","meta":{"_acf_changed":false},"product_brand":[],"product_cat":[328],"product_tag":[],"class_list":{"0":"post-31597","1":"product","2":"type-product","3":"status-publish","4":"has-post-thumbnail","6":"product_cat-g","7":"pa_packungsgroesse-1-stueck","9":"first","10":"instock","11":"shipping-taxable","12":"purchasable","13":"product-type-simple"},"acf":[],"_links":{"self":[{"href":"https:\/\/www.hirtenberg-apotheke.at\/katalog\/wp-json\/wp\/v2\/product\/31597","targetHints":{"allow":["GET"]}}],"collection":[{"href":"https:\/\/www.hirtenberg-apotheke.at\/katalog\/wp-json\/wp\/v2\/product"}],"about":[{"href":"https:\/\/www.hirtenberg-apotheke.at\/katalog\/wp-json\/wp\/v2\/types\/product"}],"wp:featuredmedia":[{"embeddable":true,"href":"https:\/\/www.hirtenberg-apotheke.at\/katalog\/wp-json\/wp\/v2\/media\/31599"}],"wp:attachment":[{"href":"https:\/\/www.hirtenberg-apotheke.at\/katalog\/wp-json\/wp\/v2\/media?parent=31597"}],"wp:term":[{"taxonomy":"product_brand","embeddable":true,"href":"https:\/\/www.hirtenberg-apotheke.at\/katalog\/wp-json\/wp\/v2\/product_brand?post=31597"},{"taxonomy":"product_cat","embeddable":true,"href":"https:\/\/www.hirtenberg-apotheke.at\/katalog\/wp-json\/wp\/v2\/product_cat?post=31597"},{"taxonomy":"product_tag","embeddable":true,"href":"https:\/\/www.hirtenberg-apotheke.at\/katalog\/wp-json\/wp\/v2\/product_tag?post=31597"}],"curies":[{"name":"wp","href":"https:\/\/api.w.org\/{rel}","templated":true}]}}