{"id":31628,"date":"2025-11-25T22:08:29","date_gmt":"2025-11-25T21:08:29","guid":{"rendered":"https:\/\/www.hirtenberg-apotheke.at\/katalog\/produkt\/veroval-handgelenk-blutdruckmessgeraet-1-stk\/"},"modified":"2025-11-25T22:08:34","modified_gmt":"2025-11-25T21:08:34","slug":"veroval-handgelenk-blutdruckmessgeraet-1-stk","status":"publish","type":"product","link":"https:\/\/www.hirtenberg-apotheke.at\/katalog\/produkt\/veroval-handgelenk-blutdruckmessgeraet-1-stk\/","title":{"rendered":"Veroval Handgelenk-Blutdruckmessger\u00e4t 1 Stk."},"content":{"rendered":"<p>Veroval Handgelenk-Blutdruckmessger\u00e4t ist ideal f\u00fcr einfaches und schnelles Blutdruck messen am Handgelenk mit Arrhythmie-Erkennung. Das gro\u00dfe Display erm\u00f6glicht ein leichtes Ablesen der Messwerte. Das Ampelsystem erleichtert die Messwert-Analye. Bestimmem Sie die richtige Messposition auf Herzh\u00f6he mit Hilfe der optischen Positionskontrolle.<\/p>\n","protected":false},"excerpt":{"rendered":"<p>Veroval Handgelenk-Blutdruckmessger\u00e4t ist ideal f\u00fcr einfaches und schnelles Blutdruck messen am Handgelenk mit Arrhythmie-Erkennung. Das gro\u00dfe Display erm\u00f6glicht ein leichtes Ablesen der Messwerte. Das Ampelsystem erleichtert die Messwert-Analye. Bestimmem Sie die richtige Messposition auf Herzh\u00f6he mit Hilfe der optischen Positionskontrolle.<\/p>\n","protected":false},"featured_media":0,"template":"","meta":{"_acf_changed":false},"product_brand":[],"product_cat":[300],"product_tag":[],"class_list":{"0":"post-31628","1":"product","2":"type-product","3":"status-publish","5":"product_cat-v","6":"pa_packungsgroesse-1-stueck","8":"first","9":"instock","10":"shipping-taxable","11":"purchasable","12":"product-type-simple"},"acf":[],"_links":{"self":[{"href":"https:\/\/www.hirtenberg-apotheke.at\/katalog\/wp-json\/wp\/v2\/product\/31628","targetHints":{"allow":["GET"]}}],"collection":[{"href":"https:\/\/www.hirtenberg-apotheke.at\/katalog\/wp-json\/wp\/v2\/product"}],"about":[{"href":"https:\/\/www.hirtenberg-apotheke.at\/katalog\/wp-json\/wp\/v2\/types\/product"}],"wp:attachment":[{"href":"https:\/\/www.hirtenberg-apotheke.at\/katalog\/wp-json\/wp\/v2\/media?parent=31628"}],"wp:term":[{"taxonomy":"product_brand","embeddable":true,"href":"https:\/\/www.hirtenberg-apotheke.at\/katalog\/wp-json\/wp\/v2\/product_brand?post=31628"},{"taxonomy":"product_cat","embeddable":true,"href":"https:\/\/www.hirtenberg-apotheke.at\/katalog\/wp-json\/wp\/v2\/product_cat?post=31628"},{"taxonomy":"product_tag","embeddable":true,"href":"https:\/\/www.hirtenberg-apotheke.at\/katalog\/wp-json\/wp\/v2\/product_tag?post=31628"}],"curies":[{"name":"wp","href":"https:\/\/api.w.org\/{rel}","templated":true}]}}