{"id":31639,"date":"2025-11-25T22:08:33","date_gmt":"2025-11-25T21:08:33","guid":{"rendered":"https:\/\/www.hirtenberg-apotheke.at\/katalog\/produkt\/thermoval-duo-scan\/"},"modified":"2025-11-25T22:08:46","modified_gmt":"2025-11-25T21:08:46","slug":"thermoval-duo-scan","status":"publish","type":"product","link":"https:\/\/www.hirtenberg-apotheke.at\/katalog\/produkt\/thermoval-duo-scan\/","title":{"rendered":"Thermoval\u00ae duo scan"},"content":{"rendered":"<p>&#8222;Thermoval duo scan ist ein elektronisches, auf Infrarot-Technologie basierendes Fieberthermometer zur exakten Messung der K\u00f6rpertemperatur. Entweder wird die Temperatur im Ohr oder an der Stirn gemessen. Das Ger\u00e4t erkennt automatisch, welche Messung durchgef\u00fchrt wird. Die neueste Technologie von Mess-Sensoren garantiert eine sehr hohe Messgenauigkeit.Das Messergebnis liegt bei der Ohrmessung innerhalb 1 Sekunde, bei der Stirnmessung innerhalb von 3 Sekunden vor. Ein akustisches Signal ert\u00f6nt bei Beginn und Ende des Messprogramms. Die energiesparende Abschaltautomatik schaltet das Ger\u00e4t eine Minute nach der letzten Messung aus. Die Kapazit\u00e4t der mitgelieferten Batterien reicht f\u00fcr ca. 1.000 Messungen. Mit praktischer Aufbewahrungsbox.&#8220;<\/p>\n","protected":false},"excerpt":{"rendered":"<p>&#8222;Thermoval duo scan ist ein elektronisches, auf Infrarot-Technologie basierendes Fieberthermometer zur exakten Messung der K\u00f6rpertemperatur. Entweder wird die Temperatur im Ohr oder an der Stirn gemessen. Das Ger\u00e4t erkennt automatisch, welche Messung durchgef\u00fchrt wird. Die neueste Technologie von Mess-Sensoren garantiert eine sehr hohe Messgenauigkeit.Das Messergebnis liegt bei der Ohrmessung innerhalb 1 Sekunde, bei der Stirnmessung [&hellip;]<\/p>\n","protected":false},"featured_media":31641,"template":"","meta":{"_acf_changed":false},"product_brand":[],"product_cat":[319],"product_tag":[],"class_list":{"0":"post-31639","1":"product","2":"type-product","3":"status-publish","4":"has-post-thumbnail","6":"product_cat-t","7":"pa_packungsgroesse-1-stueck","9":"first","10":"instock","11":"shipping-taxable","12":"purchasable","13":"product-type-simple"},"acf":[],"_links":{"self":[{"href":"https:\/\/www.hirtenberg-apotheke.at\/katalog\/wp-json\/wp\/v2\/product\/31639","targetHints":{"allow":["GET"]}}],"collection":[{"href":"https:\/\/www.hirtenberg-apotheke.at\/katalog\/wp-json\/wp\/v2\/product"}],"about":[{"href":"https:\/\/www.hirtenberg-apotheke.at\/katalog\/wp-json\/wp\/v2\/types\/product"}],"wp:featuredmedia":[{"embeddable":true,"href":"https:\/\/www.hirtenberg-apotheke.at\/katalog\/wp-json\/wp\/v2\/media\/31641"}],"wp:attachment":[{"href":"https:\/\/www.hirtenberg-apotheke.at\/katalog\/wp-json\/wp\/v2\/media?parent=31639"}],"wp:term":[{"taxonomy":"product_brand","embeddable":true,"href":"https:\/\/www.hirtenberg-apotheke.at\/katalog\/wp-json\/wp\/v2\/product_brand?post=31639"},{"taxonomy":"product_cat","embeddable":true,"href":"https:\/\/www.hirtenberg-apotheke.at\/katalog\/wp-json\/wp\/v2\/product_cat?post=31639"},{"taxonomy":"product_tag","embeddable":true,"href":"https:\/\/www.hirtenberg-apotheke.at\/katalog\/wp-json\/wp\/v2\/product_tag?post=31639"}],"curies":[{"name":"wp","href":"https:\/\/api.w.org\/{rel}","templated":true}]}}