{"id":31671,"date":"2025-11-25T22:09:01","date_gmt":"2025-11-25T21:09:01","guid":{"rendered":"https:\/\/www.hirtenberg-apotheke.at\/katalog\/produkt\/aponorm-easy-stabthermometer-1-stk\/"},"modified":"2025-11-25T22:09:24","modified_gmt":"2025-11-25T21:09:24","slug":"aponorm-easy-stabthermometer-1-stk","status":"publish","type":"product","link":"https:\/\/www.hirtenberg-apotheke.at\/katalog\/produkt\/aponorm-easy-stabthermometer-1-stk\/","title":{"rendered":"Aponorm Easy Stabthermometer 1 Stk."},"content":{"rendered":"<p>Das aponorm\u00ae Easy Stabthermometer liefert ein pr\u00e4zises Messergebnis in nur 60 Sekunden.Das Thermometer mit fester Spitze und automatischem Signalton speichert die letzte Messung und verf\u00fcgt \u00fcber eine Abschaltautomatik. Die austauschbare Langzeitbatterie ist ausreichend f\u00fcr ca. 3.000 Messungen.<\/p>\n","protected":false},"excerpt":{"rendered":"<p>Das aponorm\u00ae Easy Stabthermometer liefert ein pr\u00e4zises Messergebnis in nur 60 Sekunden.Das Thermometer mit fester Spitze und automatischem Signalton speichert die letzte Messung und verf\u00fcgt \u00fcber eine Abschaltautomatik. Die austauschbare Langzeitbatterie ist ausreichend f\u00fcr ca. 3.000 Messungen.<\/p>\n","protected":false},"featured_media":31673,"template":"","meta":{"_acf_changed":false},"product_brand":[],"product_cat":[299],"product_tag":[],"class_list":{"0":"post-31671","1":"product","2":"type-product","3":"status-publish","4":"has-post-thumbnail","6":"product_cat-a","7":"pa_packungsgroesse-1-stueck","9":"first","10":"instock","11":"shipping-taxable","12":"purchasable","13":"product-type-simple"},"acf":[],"_links":{"self":[{"href":"https:\/\/www.hirtenberg-apotheke.at\/katalog\/wp-json\/wp\/v2\/product\/31671","targetHints":{"allow":["GET"]}}],"collection":[{"href":"https:\/\/www.hirtenberg-apotheke.at\/katalog\/wp-json\/wp\/v2\/product"}],"about":[{"href":"https:\/\/www.hirtenberg-apotheke.at\/katalog\/wp-json\/wp\/v2\/types\/product"}],"wp:featuredmedia":[{"embeddable":true,"href":"https:\/\/www.hirtenberg-apotheke.at\/katalog\/wp-json\/wp\/v2\/media\/31673"}],"wp:attachment":[{"href":"https:\/\/www.hirtenberg-apotheke.at\/katalog\/wp-json\/wp\/v2\/media?parent=31671"}],"wp:term":[{"taxonomy":"product_brand","embeddable":true,"href":"https:\/\/www.hirtenberg-apotheke.at\/katalog\/wp-json\/wp\/v2\/product_brand?post=31671"},{"taxonomy":"product_cat","embeddable":true,"href":"https:\/\/www.hirtenberg-apotheke.at\/katalog\/wp-json\/wp\/v2\/product_cat?post=31671"},{"taxonomy":"product_tag","embeddable":true,"href":"https:\/\/www.hirtenberg-apotheke.at\/katalog\/wp-json\/wp\/v2\/product_tag?post=31671"}],"curies":[{"name":"wp","href":"https:\/\/api.w.org\/{rel}","templated":true}]}}