{"id":31695,"date":"2025-11-25T22:09:33","date_gmt":"2025-11-25T21:09:33","guid":{"rendered":"https:\/\/www.hirtenberg-apotheke.at\/katalog\/produkt\/visomat-blutdruckmessgeraet-oberarm-comfort-20-40-roche-1-stk\/"},"modified":"2025-11-25T22:09:39","modified_gmt":"2025-11-25T21:09:39","slug":"visomat-blutdruckmessgeraet-oberarm-comfort-20-40-roche-1-stk","status":"publish","type":"product","link":"https:\/\/www.hirtenberg-apotheke.at\/katalog\/produkt\/visomat-blutdruckmessgeraet-oberarm-comfort-20-40-roche-1-stk\/","title":{"rendered":"Visomat Blutdruckmessger\u00e4t Oberarm Comfort 20\/40 Roche 1 Stk."},"content":{"rendered":"<p>Visomat Blutdruckmessger\u00e4t Oberarm Comfort 20\/40 stoppt das Aufpumpen, sobald die Messwerte ermittelt sind. Es wird kein unn\u00f6tiger Druck auf den Arm ausge\u00fcbt, was besonders angenehm f\u00fcr den Oberarm ist. Gleichzeitig wird die Messzeit dadurch verk\u00fcrzt. Manschettensitz- und Bewegungskontrolle. Speicherung der Messwerte f\u00fcr 2 Benutzer m\u00f6glich. Wir bieten Ihnen die komplette Auswahl einer \u00f6sterreichischen Standortapotheke \u2013 !Alle Eigenschaften auf einen Blick:\u00a0Klinisch gepru\u0308fte Messgenauigkeit (ESH Validierung)Sanfter, verku\u0308rzter Messvorgang durch Messung w\u00e4hrend des AufpumpensAnzeige unregelm\u00e4\u00dfiger PulswellenBewegungskontrolle und ManschettensitzkontrollePulsdruckanzeigeUniversalmanschette fu\u0308r Armumf\u00e4nge von 23 \u2013 43 cm2 Benutzerspeicher fu\u0308r je 120 Messwerte mit MittelwertanzeigeAmpelfunktion zur einfachen Einstufung der BlutdruckwerteGro\u00dfes, kontrastreiches DisplayDatum\/UhrzeitNetzteilanschluss (Netzteil = Sonderzubeh\u00f6r<\/p>\n","protected":false},"excerpt":{"rendered":"<p>Visomat Blutdruckmessger\u00e4t Oberarm Comfort 20\/40 stoppt das Aufpumpen, sobald die Messwerte ermittelt sind. Es wird kein unn\u00f6tiger Druck auf den Arm ausge\u00fcbt, was besonders angenehm f\u00fcr den Oberarm ist. Gleichzeitig wird die Messzeit dadurch verk\u00fcrzt. Manschettensitz- und Bewegungskontrolle. Speicherung der Messwerte f\u00fcr 2 Benutzer m\u00f6glich. Wir bieten Ihnen die komplette Auswahl einer \u00f6sterreichischen Standortapotheke \u2013 [&hellip;]<\/p>\n","protected":false},"featured_media":31697,"template":"","meta":{"_acf_changed":false},"product_brand":[],"product_cat":[300],"product_tag":[],"class_list":{"0":"post-31695","1":"product","2":"type-product","3":"status-publish","4":"has-post-thumbnail","6":"product_cat-v","7":"pa_packungsgroesse-1-stueck","9":"first","10":"instock","11":"shipping-taxable","12":"purchasable","13":"product-type-simple"},"acf":[],"_links":{"self":[{"href":"https:\/\/www.hirtenberg-apotheke.at\/katalog\/wp-json\/wp\/v2\/product\/31695","targetHints":{"allow":["GET"]}}],"collection":[{"href":"https:\/\/www.hirtenberg-apotheke.at\/katalog\/wp-json\/wp\/v2\/product"}],"about":[{"href":"https:\/\/www.hirtenberg-apotheke.at\/katalog\/wp-json\/wp\/v2\/types\/product"}],"wp:featuredmedia":[{"embeddable":true,"href":"https:\/\/www.hirtenberg-apotheke.at\/katalog\/wp-json\/wp\/v2\/media\/31697"}],"wp:attachment":[{"href":"https:\/\/www.hirtenberg-apotheke.at\/katalog\/wp-json\/wp\/v2\/media?parent=31695"}],"wp:term":[{"taxonomy":"product_brand","embeddable":true,"href":"https:\/\/www.hirtenberg-apotheke.at\/katalog\/wp-json\/wp\/v2\/product_brand?post=31695"},{"taxonomy":"product_cat","embeddable":true,"href":"https:\/\/www.hirtenberg-apotheke.at\/katalog\/wp-json\/wp\/v2\/product_cat?post=31695"},{"taxonomy":"product_tag","embeddable":true,"href":"https:\/\/www.hirtenberg-apotheke.at\/katalog\/wp-json\/wp\/v2\/product_tag?post=31695"}],"curies":[{"name":"wp","href":"https:\/\/api.w.org\/{rel}","templated":true}]}}