{"id":31733,"date":"2025-11-25T22:10:09","date_gmt":"2025-11-25T21:10:09","guid":{"rendered":"https:\/\/www.hirtenberg-apotheke.at\/katalog\/produkt\/aponorm-flexible-stabthermometer-1-stk\/"},"modified":"2025-11-25T22:10:17","modified_gmt":"2025-11-25T21:10:17","slug":"aponorm-flexible-stabthermometer-1-stk","status":"publish","type":"product","link":"https:\/\/www.hirtenberg-apotheke.at\/katalog\/produkt\/aponorm-flexible-stabthermometer-1-stk\/","title":{"rendered":"Aponorm Flexible Stabthermometer 1 Stk."},"content":{"rendered":"<p>Das wasserfeste aponorm\u00ae Flexible Stabthermometer misst mit h\u00f6chster Genauigkeit und liefert das Messergebnis in nur 30 Sekunden. Durch die flexible Spitze entsteht ein h\u00f6herer Messkomfort. Das Thermometer mit automatischem Signalton wird in einer stabilen Schutzh\u00fclle geliefert und verf\u00fcgt \u00fcber eine Abschaltautomatik. Die Langzeitbatterie ist ausreichend f\u00fcr ca. 3.000 Messungen.<\/p>\n","protected":false},"excerpt":{"rendered":"<p>Das wasserfeste aponorm\u00ae Flexible Stabthermometer misst mit h\u00f6chster Genauigkeit und liefert das Messergebnis in nur 30 Sekunden. Durch die flexible Spitze entsteht ein h\u00f6herer Messkomfort. Das Thermometer mit automatischem Signalton wird in einer stabilen Schutzh\u00fclle geliefert und verf\u00fcgt \u00fcber eine Abschaltautomatik. Die Langzeitbatterie ist ausreichend f\u00fcr ca. 3.000 Messungen.<\/p>\n","protected":false},"featured_media":31735,"template":"","meta":{"_acf_changed":false},"product_brand":[],"product_cat":[299],"product_tag":[],"class_list":{"0":"post-31733","1":"product","2":"type-product","3":"status-publish","4":"has-post-thumbnail","6":"product_cat-a","7":"pa_packungsgroesse-1-stueck","9":"first","10":"instock","11":"shipping-taxable","12":"purchasable","13":"product-type-simple"},"acf":[],"_links":{"self":[{"href":"https:\/\/www.hirtenberg-apotheke.at\/katalog\/wp-json\/wp\/v2\/product\/31733","targetHints":{"allow":["GET"]}}],"collection":[{"href":"https:\/\/www.hirtenberg-apotheke.at\/katalog\/wp-json\/wp\/v2\/product"}],"about":[{"href":"https:\/\/www.hirtenberg-apotheke.at\/katalog\/wp-json\/wp\/v2\/types\/product"}],"wp:featuredmedia":[{"embeddable":true,"href":"https:\/\/www.hirtenberg-apotheke.at\/katalog\/wp-json\/wp\/v2\/media\/31735"}],"wp:attachment":[{"href":"https:\/\/www.hirtenberg-apotheke.at\/katalog\/wp-json\/wp\/v2\/media?parent=31733"}],"wp:term":[{"taxonomy":"product_brand","embeddable":true,"href":"https:\/\/www.hirtenberg-apotheke.at\/katalog\/wp-json\/wp\/v2\/product_brand?post=31733"},{"taxonomy":"product_cat","embeddable":true,"href":"https:\/\/www.hirtenberg-apotheke.at\/katalog\/wp-json\/wp\/v2\/product_cat?post=31733"},{"taxonomy":"product_tag","embeddable":true,"href":"https:\/\/www.hirtenberg-apotheke.at\/katalog\/wp-json\/wp\/v2\/product_tag?post=31733"}],"curies":[{"name":"wp","href":"https:\/\/api.w.org\/{rel}","templated":true}]}}