{"id":31746,"date":"2025-11-25T22:10:20","date_gmt":"2025-11-25T21:10:20","guid":{"rendered":"https:\/\/www.hirtenberg-apotheke.at\/katalog\/produkt\/roche-accu-chek-softclix-blue-mit-25-lanzetten-1-stk\/"},"modified":"2025-11-25T22:10:27","modified_gmt":"2025-11-25T21:10:27","slug":"roche-accu-chek-softclix-blue-mit-25-lanzetten-1-stk","status":"publish","type":"product","link":"https:\/\/www.hirtenberg-apotheke.at\/katalog\/produkt\/roche-accu-chek-softclix-blue-mit-25-lanzetten-1-stk\/","title":{"rendered":"Roche Accu-chek Softclix Blue mit 25 Lanzetten 1 Stk."},"content":{"rendered":"<p>&#8222;Die Eigenschaften der Accu-Chek Softclix Stechhilfe machen sie f\u00fcr den Benutzer zu einer Stechhilfe von h\u00f6chster Qualit\u00e4t.- Klein und handlich- Sanft durch einzigartige Lanzettenf\u00fchrung &#038; optimalen Schliff- Individuell durch unterschiedliche Stechtiefen&#8220;<\/p>\n","protected":false},"excerpt":{"rendered":"<p>&#8222;Die Eigenschaften der Accu-Chek Softclix Stechhilfe machen sie f\u00fcr den Benutzer zu einer Stechhilfe von h\u00f6chster Qualit\u00e4t.- Klein und handlich- Sanft durch einzigartige Lanzettenf\u00fchrung &#038; optimalen Schliff- Individuell durch unterschiedliche Stechtiefen&#8220;<\/p>\n","protected":false},"featured_media":31748,"template":"","meta":{"_acf_changed":false},"product_brand":[],"product_cat":[311],"product_tag":[],"class_list":{"0":"post-31746","1":"product","2":"type-product","3":"status-publish","4":"has-post-thumbnail","6":"product_cat-r","7":"pa_packungsgroesse-1-stueck","9":"first","10":"instock","11":"shipping-taxable","12":"purchasable","13":"product-type-simple"},"acf":[],"_links":{"self":[{"href":"https:\/\/www.hirtenberg-apotheke.at\/katalog\/wp-json\/wp\/v2\/product\/31746","targetHints":{"allow":["GET"]}}],"collection":[{"href":"https:\/\/www.hirtenberg-apotheke.at\/katalog\/wp-json\/wp\/v2\/product"}],"about":[{"href":"https:\/\/www.hirtenberg-apotheke.at\/katalog\/wp-json\/wp\/v2\/types\/product"}],"wp:featuredmedia":[{"embeddable":true,"href":"https:\/\/www.hirtenberg-apotheke.at\/katalog\/wp-json\/wp\/v2\/media\/31748"}],"wp:attachment":[{"href":"https:\/\/www.hirtenberg-apotheke.at\/katalog\/wp-json\/wp\/v2\/media?parent=31746"}],"wp:term":[{"taxonomy":"product_brand","embeddable":true,"href":"https:\/\/www.hirtenberg-apotheke.at\/katalog\/wp-json\/wp\/v2\/product_brand?post=31746"},{"taxonomy":"product_cat","embeddable":true,"href":"https:\/\/www.hirtenberg-apotheke.at\/katalog\/wp-json\/wp\/v2\/product_cat?post=31746"},{"taxonomy":"product_tag","embeddable":true,"href":"https:\/\/www.hirtenberg-apotheke.at\/katalog\/wp-json\/wp\/v2\/product_tag?post=31746"}],"curies":[{"name":"wp","href":"https:\/\/api.w.org\/{rel}","templated":true}]}}