{"id":31796,"date":"2025-11-25T22:11:06","date_gmt":"2025-11-25T21:11:06","guid":{"rendered":"https:\/\/www.hirtenberg-apotheke.at\/katalog\/produkt\/wellion-lanzetten-200-stk-28-g\/"},"modified":"2025-11-25T22:11:09","modified_gmt":"2025-11-25T21:11:09","slug":"wellion-lanzetten-200-stk-28-g","status":"publish","type":"product","link":"https:\/\/www.hirtenberg-apotheke.at\/katalog\/produkt\/wellion-lanzetten-200-stk-28-g\/","title":{"rendered":"Wellion Lanzetten 200 Stk. 28 g"},"content":{"rendered":"<p>Wellion Lanzetten f\u00fcr die besonders schonende Blutgewinnung. Ausgestattet mit einer Schutzkappe und dem perfekten Schliff f\u00fcr eine m\u00f6glichst schmerzarme Blutentnahme.<\/p>\n","protected":false},"excerpt":{"rendered":"<p>Wellion Lanzetten f\u00fcr die besonders schonende Blutgewinnung. Ausgestattet mit einer Schutzkappe und dem perfekten Schliff f\u00fcr eine m\u00f6glichst schmerzarme Blutentnahme.<\/p>\n","protected":false},"featured_media":31798,"template":"","meta":{"_acf_changed":false},"product_brand":[413],"product_cat":[368],"product_tag":[],"class_list":{"0":"post-31796","1":"product","2":"type-product","3":"status-publish","4":"has-post-thumbnail","6":"product_brand-wellion","7":"product_cat-w","8":"pa_packungsgroesse-200-stueck","10":"first","11":"instock","12":"shipping-taxable","13":"purchasable","14":"product-type-simple"},"acf":[],"_links":{"self":[{"href":"https:\/\/www.hirtenberg-apotheke.at\/katalog\/wp-json\/wp\/v2\/product\/31796","targetHints":{"allow":["GET"]}}],"collection":[{"href":"https:\/\/www.hirtenberg-apotheke.at\/katalog\/wp-json\/wp\/v2\/product"}],"about":[{"href":"https:\/\/www.hirtenberg-apotheke.at\/katalog\/wp-json\/wp\/v2\/types\/product"}],"wp:featuredmedia":[{"embeddable":true,"href":"https:\/\/www.hirtenberg-apotheke.at\/katalog\/wp-json\/wp\/v2\/media\/31798"}],"wp:attachment":[{"href":"https:\/\/www.hirtenberg-apotheke.at\/katalog\/wp-json\/wp\/v2\/media?parent=31796"}],"wp:term":[{"taxonomy":"product_brand","embeddable":true,"href":"https:\/\/www.hirtenberg-apotheke.at\/katalog\/wp-json\/wp\/v2\/product_brand?post=31796"},{"taxonomy":"product_cat","embeddable":true,"href":"https:\/\/www.hirtenberg-apotheke.at\/katalog\/wp-json\/wp\/v2\/product_cat?post=31796"},{"taxonomy":"product_tag","embeddable":true,"href":"https:\/\/www.hirtenberg-apotheke.at\/katalog\/wp-json\/wp\/v2\/product_tag?post=31796"}],"curies":[{"name":"wp","href":"https:\/\/api.w.org\/{rel}","templated":true}]}}