{"id":31829,"date":"2025-11-25T22:11:28","date_gmt":"2025-11-25T21:11:28","guid":{"rendered":"https:\/\/www.hirtenberg-apotheke.at\/katalog\/produkt\/roche-accutrend-cholesterol-teststreifen-5-stk\/"},"modified":"2025-11-25T22:11:43","modified_gmt":"2025-11-25T21:11:43","slug":"roche-accutrend-cholesterol-teststreifen-5-stk","status":"publish","type":"product","link":"https:\/\/www.hirtenberg-apotheke.at\/katalog\/produkt\/roche-accutrend-cholesterol-teststreifen-5-stk\/","title":{"rendered":"Roche Accutrend Cholesterol Teststreifen 5 Stk."},"content":{"rendered":"<p>Roche Accutrend Plus System: Hohe Genaugigkeit und Pr\u00e4zision, Automatische Leistungs- und Messger\u00e4tekontrollen, Barcodes f\u00fcr chargenspezifische Kalibrierungsdaten, Komfortable Bestimmung der Parameter, Aufbewahrung der Teststreifen bei Zimmertemperatur und Benutzerfreundliche Speicherfunktion.<\/p>\n","protected":false},"excerpt":{"rendered":"<p>Roche Accutrend Plus System: Hohe Genaugigkeit und Pr\u00e4zision, Automatische Leistungs- und Messger\u00e4tekontrollen, Barcodes f\u00fcr chargenspezifische Kalibrierungsdaten, Komfortable Bestimmung der Parameter, Aufbewahrung der Teststreifen bei Zimmertemperatur und Benutzerfreundliche Speicherfunktion.<\/p>\n","protected":false},"featured_media":0,"template":"","meta":{"_acf_changed":false},"product_brand":[],"product_cat":[311],"product_tag":[],"class_list":{"0":"post-31829","1":"product","2":"type-product","3":"status-publish","5":"product_cat-r","6":"pa_packungsgroesse-5-stueck","8":"first","9":"instock","10":"shipping-taxable","11":"purchasable","12":"product-type-simple"},"acf":[],"_links":{"self":[{"href":"https:\/\/www.hirtenberg-apotheke.at\/katalog\/wp-json\/wp\/v2\/product\/31829","targetHints":{"allow":["GET"]}}],"collection":[{"href":"https:\/\/www.hirtenberg-apotheke.at\/katalog\/wp-json\/wp\/v2\/product"}],"about":[{"href":"https:\/\/www.hirtenberg-apotheke.at\/katalog\/wp-json\/wp\/v2\/types\/product"}],"wp:attachment":[{"href":"https:\/\/www.hirtenberg-apotheke.at\/katalog\/wp-json\/wp\/v2\/media?parent=31829"}],"wp:term":[{"taxonomy":"product_brand","embeddable":true,"href":"https:\/\/www.hirtenberg-apotheke.at\/katalog\/wp-json\/wp\/v2\/product_brand?post=31829"},{"taxonomy":"product_cat","embeddable":true,"href":"https:\/\/www.hirtenberg-apotheke.at\/katalog\/wp-json\/wp\/v2\/product_cat?post=31829"},{"taxonomy":"product_tag","embeddable":true,"href":"https:\/\/www.hirtenberg-apotheke.at\/katalog\/wp-json\/wp\/v2\/product_tag?post=31829"}],"curies":[{"name":"wp","href":"https:\/\/api.w.org\/{rel}","templated":true}]}}