{"id":31919,"date":"2025-11-25T22:12:46","date_gmt":"2025-11-25T21:12:46","guid":{"rendered":"https:\/\/www.hirtenberg-apotheke.at\/katalog\/produkt\/biovis-testset-histamin-1-stk\/"},"modified":"2025-11-25T22:12:48","modified_gmt":"2025-11-25T21:12:48","slug":"biovis-testset-histamin-1-stk","status":"publish","type":"product","link":"https:\/\/www.hirtenberg-apotheke.at\/katalog\/produkt\/biovis-testset-histamin-1-stk\/","title":{"rendered":"Biovis Testset Histamin 1 Stk."},"content":{"rendered":"<p>Biovis Testset Histamin bestimmt den Histamingehalt im Stuhl direkt, ist einfach durchzuf\u00fchren und erfordert keine besonderen pr\u00e4analytischen Voraussetzungen. Histaminintoleranz tritt auf, wenn der Organismus mit der Nahrung aufgenommenes oder aus k\u00f6rpereigenen Zellen freigesetztes Histamin nicht rasch genug abbauen kann.<\/p>\n","protected":false},"excerpt":{"rendered":"<p>Biovis Testset Histamin bestimmt den Histamingehalt im Stuhl direkt, ist einfach durchzuf\u00fchren und erfordert keine besonderen pr\u00e4analytischen Voraussetzungen. Histaminintoleranz tritt auf, wenn der Organismus mit der Nahrung aufgenommenes oder aus k\u00f6rpereigenen Zellen freigesetztes Histamin nicht rasch genug abbauen kann.<\/p>\n","protected":false},"featured_media":0,"template":"","meta":{"_acf_changed":false},"product_brand":[],"product_cat":[292],"product_tag":[],"class_list":{"0":"post-31919","1":"product","2":"type-product","3":"status-publish","5":"product_cat-b","6":"pa_packungsgroesse-1-stueck","8":"first","9":"instock","10":"shipping-taxable","11":"purchasable","12":"product-type-simple"},"acf":[],"_links":{"self":[{"href":"https:\/\/www.hirtenberg-apotheke.at\/katalog\/wp-json\/wp\/v2\/product\/31919","targetHints":{"allow":["GET"]}}],"collection":[{"href":"https:\/\/www.hirtenberg-apotheke.at\/katalog\/wp-json\/wp\/v2\/product"}],"about":[{"href":"https:\/\/www.hirtenberg-apotheke.at\/katalog\/wp-json\/wp\/v2\/types\/product"}],"wp:attachment":[{"href":"https:\/\/www.hirtenberg-apotheke.at\/katalog\/wp-json\/wp\/v2\/media?parent=31919"}],"wp:term":[{"taxonomy":"product_brand","embeddable":true,"href":"https:\/\/www.hirtenberg-apotheke.at\/katalog\/wp-json\/wp\/v2\/product_brand?post=31919"},{"taxonomy":"product_cat","embeddable":true,"href":"https:\/\/www.hirtenberg-apotheke.at\/katalog\/wp-json\/wp\/v2\/product_cat?post=31919"},{"taxonomy":"product_tag","embeddable":true,"href":"https:\/\/www.hirtenberg-apotheke.at\/katalog\/wp-json\/wp\/v2\/product_tag?post=31919"}],"curies":[{"name":"wp","href":"https:\/\/api.w.org\/{rel}","templated":true}]}}