{"id":32041,"date":"2025-11-25T22:14:22","date_gmt":"2025-11-25T21:14:22","guid":{"rendered":"https:\/\/www.hirtenberg-apotheke.at\/katalog\/produkt\/leukotape-classic-pflaster-10-m-x-375-cm-1-stk\/"},"modified":"2025-11-25T22:14:28","modified_gmt":"2025-11-25T21:14:28","slug":"leukotape-classic-pflaster-10-m-x-375-cm-1-stk","status":"publish","type":"product","link":"https:\/\/www.hirtenberg-apotheke.at\/katalog\/produkt\/leukotape-classic-pflaster-10-m-x-375-cm-1-stk\/","title":{"rendered":"Leukotape classic Pflaster 10 m x 3,75 cm 1 Stk."},"content":{"rendered":"<p>Leukotape classic Pflaster verf\u00fcgt \u00fcber eine hohe Klebkraft und ist wasserabweisend. Es ist besonders zugfest und unelastisch. Die Kanten von Leukotape classic haben einen Zackenschnitt. Mit einem kurzem Ruck l\u00e4sst sich das Material sowohl in Quer- als auch in L\u00e4ngsrichtung leicht einrei\u00dfen. Das erm\u00f6glicht z\u00fcgiges Arbeiten ohne Schere. erhalten Sie dieses Produkt in 10 m langen Rollen in den Breiten 2 cm, 3,75 cm und 5 cm.<\/p>\n","protected":false},"excerpt":{"rendered":"<p>Leukotape classic Pflaster verf\u00fcgt \u00fcber eine hohe Klebkraft und ist wasserabweisend. Es ist besonders zugfest und unelastisch. Die Kanten von Leukotape classic haben einen Zackenschnitt. Mit einem kurzem Ruck l\u00e4sst sich das Material sowohl in Quer- als auch in L\u00e4ngsrichtung leicht einrei\u00dfen. Das erm\u00f6glicht z\u00fcgiges Arbeiten ohne Schere. erhalten Sie dieses Produkt in 10 m [&hellip;]<\/p>\n","protected":false},"featured_media":0,"template":"","meta":{"_acf_changed":false},"product_brand":[],"product_cat":[317],"product_tag":[],"class_list":{"0":"post-32041","1":"product","2":"type-product","3":"status-publish","5":"product_cat-l","6":"pa_packungsgroesse-1-stueck","8":"first","9":"instock","10":"shipping-taxable","11":"purchasable","12":"product-type-simple"},"acf":[],"_links":{"self":[{"href":"https:\/\/www.hirtenberg-apotheke.at\/katalog\/wp-json\/wp\/v2\/product\/32041","targetHints":{"allow":["GET"]}}],"collection":[{"href":"https:\/\/www.hirtenberg-apotheke.at\/katalog\/wp-json\/wp\/v2\/product"}],"about":[{"href":"https:\/\/www.hirtenberg-apotheke.at\/katalog\/wp-json\/wp\/v2\/types\/product"}],"wp:attachment":[{"href":"https:\/\/www.hirtenberg-apotheke.at\/katalog\/wp-json\/wp\/v2\/media?parent=32041"}],"wp:term":[{"taxonomy":"product_brand","embeddable":true,"href":"https:\/\/www.hirtenberg-apotheke.at\/katalog\/wp-json\/wp\/v2\/product_brand?post=32041"},{"taxonomy":"product_cat","embeddable":true,"href":"https:\/\/www.hirtenberg-apotheke.at\/katalog\/wp-json\/wp\/v2\/product_cat?post=32041"},{"taxonomy":"product_tag","embeddable":true,"href":"https:\/\/www.hirtenberg-apotheke.at\/katalog\/wp-json\/wp\/v2\/product_tag?post=32041"}],"curies":[{"name":"wp","href":"https:\/\/api.w.org\/{rel}","templated":true}]}}