{"id":32076,"date":"2025-11-25T22:14:46","date_gmt":"2025-11-25T21:14:46","guid":{"rendered":"https:\/\/www.hirtenberg-apotheke.at\/katalog\/produkt\/peha-haft-fixierbinde-latexfrei-1-stk-20-m-x-6-cm\/"},"modified":"2025-11-25T22:14:54","modified_gmt":"2025-11-25T21:14:54","slug":"peha-haft-fixierbinde-latexfrei-1-stk-20-m-x-6-cm","status":"publish","type":"product","link":"https:\/\/www.hirtenberg-apotheke.at\/katalog\/produkt\/peha-haft-fixierbinde-latexfrei-1-stk-20-m-x-6-cm\/","title":{"rendered":"Peha-haft Fixierbinde latexfrei 1 Stk. 20 m x 6 cm"},"content":{"rendered":"<p>Peha-haft Fixierbinde latexfrei ist eine latexfreie, elastische Fixierbinde, die durch ihren au\u00dfergew\u00f6hnlichen Hafteffekt jede Art der Verbandfixierung wesentlich vereinfacht. Peha haft Fixierbinde l\u00e4sst sich schnell und einfach anlegen, ohne zu verrutschen, einzuschn\u00fcren und die Beweglichkeit des Patienten einzuschr\u00e4nken.<\/p>\n","protected":false},"excerpt":{"rendered":"<p>Peha-haft Fixierbinde latexfrei ist eine latexfreie, elastische Fixierbinde, die durch ihren au\u00dfergew\u00f6hnlichen Hafteffekt jede Art der Verbandfixierung wesentlich vereinfacht. Peha haft Fixierbinde l\u00e4sst sich schnell und einfach anlegen, ohne zu verrutschen, einzuschn\u00fcren und die Beweglichkeit des Patienten einzuschr\u00e4nken.<\/p>\n","protected":false},"featured_media":32078,"template":"","meta":{"_acf_changed":false},"product_brand":[941],"product_cat":[302],"product_tag":[],"class_list":{"0":"post-32076","1":"product","2":"type-product","3":"status-publish","4":"has-post-thumbnail","6":"product_brand-peha","7":"product_cat-p","8":"pa_packungsgroesse-1-stueck","10":"first","11":"instock","12":"shipping-taxable","13":"purchasable","14":"product-type-simple"},"acf":[],"_links":{"self":[{"href":"https:\/\/www.hirtenberg-apotheke.at\/katalog\/wp-json\/wp\/v2\/product\/32076","targetHints":{"allow":["GET"]}}],"collection":[{"href":"https:\/\/www.hirtenberg-apotheke.at\/katalog\/wp-json\/wp\/v2\/product"}],"about":[{"href":"https:\/\/www.hirtenberg-apotheke.at\/katalog\/wp-json\/wp\/v2\/types\/product"}],"wp:featuredmedia":[{"embeddable":true,"href":"https:\/\/www.hirtenberg-apotheke.at\/katalog\/wp-json\/wp\/v2\/media\/32078"}],"wp:attachment":[{"href":"https:\/\/www.hirtenberg-apotheke.at\/katalog\/wp-json\/wp\/v2\/media?parent=32076"}],"wp:term":[{"taxonomy":"product_brand","embeddable":true,"href":"https:\/\/www.hirtenberg-apotheke.at\/katalog\/wp-json\/wp\/v2\/product_brand?post=32076"},{"taxonomy":"product_cat","embeddable":true,"href":"https:\/\/www.hirtenberg-apotheke.at\/katalog\/wp-json\/wp\/v2\/product_cat?post=32076"},{"taxonomy":"product_tag","embeddable":true,"href":"https:\/\/www.hirtenberg-apotheke.at\/katalog\/wp-json\/wp\/v2\/product_tag?post=32076"}],"curies":[{"name":"wp","href":"https:\/\/api.w.org\/{rel}","templated":true}]}}