{"id":32126,"date":"2025-11-25T22:15:32","date_gmt":"2025-11-25T21:15:32","guid":{"rendered":"https:\/\/www.hirtenberg-apotheke.at\/katalog\/produkt\/hansaplast-elastic-med-1-m-x-8-cm-1-stk\/"},"modified":"2025-11-25T22:15:35","modified_gmt":"2025-11-25T21:15:35","slug":"hansaplast-elastic-med-1-m-x-8-cm-1-stk","status":"publish","type":"product","link":"https:\/\/www.hirtenberg-apotheke.at\/katalog\/produkt\/hansaplast-elastic-med-1-m-x-8-cm-1-stk\/","title":{"rendered":"Hansaplast Elastic Med  1 m x 8 cm 1 Stk."},"content":{"rendered":"<p>Hansaplast Elastic Med wirkt effektiv gegen ein breites Spektrum von Bakterien, reduziert dadurch das Infektionsrisiko und ist besonders hautvertr\u00e4glich. Das Pflaster eignet sich f\u00fcr alle Arten von kleineren Wunden und Verletzungen. Vor allem ist es speziell f\u00fcr viel bewegte K\u00f6rperstellen anwendbar.<\/p>\n","protected":false},"excerpt":{"rendered":"<p>Hansaplast Elastic Med wirkt effektiv gegen ein breites Spektrum von Bakterien, reduziert dadurch das Infektionsrisiko und ist besonders hautvertr\u00e4glich. Das Pflaster eignet sich f\u00fcr alle Arten von kleineren Wunden und Verletzungen. Vor allem ist es speziell f\u00fcr viel bewegte K\u00f6rperstellen anwendbar.<\/p>\n","protected":false},"featured_media":32128,"template":"","meta":{"_acf_changed":false},"product_brand":[470],"product_cat":[330],"product_tag":[],"class_list":{"0":"post-32126","1":"product","2":"type-product","3":"status-publish","4":"has-post-thumbnail","6":"product_brand-hansaplast","7":"product_cat-h","8":"pa_packungsgroesse-1-stueck","10":"first","11":"instock","12":"shipping-taxable","13":"purchasable","14":"product-type-simple"},"acf":[],"_links":{"self":[{"href":"https:\/\/www.hirtenberg-apotheke.at\/katalog\/wp-json\/wp\/v2\/product\/32126","targetHints":{"allow":["GET"]}}],"collection":[{"href":"https:\/\/www.hirtenberg-apotheke.at\/katalog\/wp-json\/wp\/v2\/product"}],"about":[{"href":"https:\/\/www.hirtenberg-apotheke.at\/katalog\/wp-json\/wp\/v2\/types\/product"}],"wp:featuredmedia":[{"embeddable":true,"href":"https:\/\/www.hirtenberg-apotheke.at\/katalog\/wp-json\/wp\/v2\/media\/32128"}],"wp:attachment":[{"href":"https:\/\/www.hirtenberg-apotheke.at\/katalog\/wp-json\/wp\/v2\/media?parent=32126"}],"wp:term":[{"taxonomy":"product_brand","embeddable":true,"href":"https:\/\/www.hirtenberg-apotheke.at\/katalog\/wp-json\/wp\/v2\/product_brand?post=32126"},{"taxonomy":"product_cat","embeddable":true,"href":"https:\/\/www.hirtenberg-apotheke.at\/katalog\/wp-json\/wp\/v2\/product_cat?post=32126"},{"taxonomy":"product_tag","embeddable":true,"href":"https:\/\/www.hirtenberg-apotheke.at\/katalog\/wp-json\/wp\/v2\/product_tag?post=32126"}],"curies":[{"name":"wp","href":"https:\/\/api.w.org\/{rel}","templated":true}]}}