{"id":32320,"date":"2025-11-25T22:18:35","date_gmt":"2025-11-25T21:18:35","guid":{"rendered":"https:\/\/www.hirtenberg-apotheke.at\/katalog\/produkt\/leukoplast-aqua-20-stk\/"},"modified":"2025-11-25T22:18:37","modified_gmt":"2025-11-25T21:18:37","slug":"leukoplast-aqua-20-stk","status":"publish","type":"product","link":"https:\/\/www.hirtenberg-apotheke.at\/katalog\/produkt\/leukoplast-aqua-20-stk\/","title":{"rendered":"Leukoplast Aqua 20 Stk."},"content":{"rendered":"<p>Leukoplast Aqua ist f\u00fcr das Schwimmen, Duschen nach dem Sport oder Baden zuhause geeignet. Es sch\u00fctzt Wunden vor Wasser und beugt damit auch in Schwimmb\u00e4dern Sekund\u00e4rinfektionen vor. Der Verband absorbiert Feuchtigkeit, sch\u00fctzt gegen Aufweichen und beschleunigt damit die Wundheilung.<\/p>\n","protected":false},"excerpt":{"rendered":"<p>Leukoplast Aqua ist f\u00fcr das Schwimmen, Duschen nach dem Sport oder Baden zuhause geeignet. Es sch\u00fctzt Wunden vor Wasser und beugt damit auch in Schwimmb\u00e4dern Sekund\u00e4rinfektionen vor. Der Verband absorbiert Feuchtigkeit, sch\u00fctzt gegen Aufweichen und beschleunigt damit die Wundheilung.<\/p>\n","protected":false},"featured_media":0,"template":"","meta":{"_acf_changed":false},"product_brand":[971],"product_cat":[317],"product_tag":[],"class_list":{"0":"post-32320","1":"product","2":"type-product","3":"status-publish","5":"product_brand-leukoplast","6":"product_cat-l","7":"pa_packungsgroesse-20-stueck","9":"first","10":"instock","11":"shipping-taxable","12":"purchasable","13":"product-type-simple"},"acf":[],"_links":{"self":[{"href":"https:\/\/www.hirtenberg-apotheke.at\/katalog\/wp-json\/wp\/v2\/product\/32320","targetHints":{"allow":["GET"]}}],"collection":[{"href":"https:\/\/www.hirtenberg-apotheke.at\/katalog\/wp-json\/wp\/v2\/product"}],"about":[{"href":"https:\/\/www.hirtenberg-apotheke.at\/katalog\/wp-json\/wp\/v2\/types\/product"}],"wp:attachment":[{"href":"https:\/\/www.hirtenberg-apotheke.at\/katalog\/wp-json\/wp\/v2\/media?parent=32320"}],"wp:term":[{"taxonomy":"product_brand","embeddable":true,"href":"https:\/\/www.hirtenberg-apotheke.at\/katalog\/wp-json\/wp\/v2\/product_brand?post=32320"},{"taxonomy":"product_cat","embeddable":true,"href":"https:\/\/www.hirtenberg-apotheke.at\/katalog\/wp-json\/wp\/v2\/product_cat?post=32320"},{"taxonomy":"product_tag","embeddable":true,"href":"https:\/\/www.hirtenberg-apotheke.at\/katalog\/wp-json\/wp\/v2\/product_tag?post=32320"}],"curies":[{"name":"wp","href":"https:\/\/api.w.org\/{rel}","templated":true}]}}