{"id":32337,"date":"2025-11-25T22:18:46","date_gmt":"2025-11-25T21:18:46","guid":{"rendered":"https:\/\/www.hirtenberg-apotheke.at\/katalog\/produkt\/hansaplast-med-aqua-protect-xl-5-stk\/"},"modified":"2025-11-25T22:18:53","modified_gmt":"2025-11-25T21:18:53","slug":"hansaplast-med-aqua-protect-xl-5-stk","status":"publish","type":"product","link":"https:\/\/www.hirtenberg-apotheke.at\/katalog\/produkt\/hansaplast-med-aqua-protect-xl-5-stk\/","title":{"rendered":"Hansaplast Med Aqua Protect XL 5 Stk."},"content":{"rendered":"<p>Hansaplast Med Aqua Protect XL Pflaster ist ein wasserdichter steriler Wundverband zur Versorgung mittelgro\u00dfer bis gro\u00dfer Wunden, wie sie im Alltag entstehen k\u00f6nnen. Es ist auch f\u00fcr die Wundversorgung nach kleineren operativen Eingriffen geeignet. Dank des flexiblen wasserdichten Materials und seiner starken Klebkraft sind die Pflaster ideal beim Waschen, Duschen, Baden und Schwimmen.<\/p>\n","protected":false},"excerpt":{"rendered":"<p>Hansaplast Med Aqua Protect XL Pflaster ist ein wasserdichter steriler Wundverband zur Versorgung mittelgro\u00dfer bis gro\u00dfer Wunden, wie sie im Alltag entstehen k\u00f6nnen. Es ist auch f\u00fcr die Wundversorgung nach kleineren operativen Eingriffen geeignet. Dank des flexiblen wasserdichten Materials und seiner starken Klebkraft sind die Pflaster ideal beim Waschen, Duschen, Baden und Schwimmen.<\/p>\n","protected":false},"featured_media":32339,"template":"","meta":{"_acf_changed":false},"product_brand":[470],"product_cat":[330],"product_tag":[],"class_list":{"0":"post-32337","1":"product","2":"type-product","3":"status-publish","4":"has-post-thumbnail","6":"product_brand-hansaplast","7":"product_cat-h","8":"pa_packungsgroesse-5-stueck","10":"first","11":"instock","12":"shipping-taxable","13":"purchasable","14":"product-type-simple"},"acf":[],"_links":{"self":[{"href":"https:\/\/www.hirtenberg-apotheke.at\/katalog\/wp-json\/wp\/v2\/product\/32337","targetHints":{"allow":["GET"]}}],"collection":[{"href":"https:\/\/www.hirtenberg-apotheke.at\/katalog\/wp-json\/wp\/v2\/product"}],"about":[{"href":"https:\/\/www.hirtenberg-apotheke.at\/katalog\/wp-json\/wp\/v2\/types\/product"}],"wp:featuredmedia":[{"embeddable":true,"href":"https:\/\/www.hirtenberg-apotheke.at\/katalog\/wp-json\/wp\/v2\/media\/32339"}],"wp:attachment":[{"href":"https:\/\/www.hirtenberg-apotheke.at\/katalog\/wp-json\/wp\/v2\/media?parent=32337"}],"wp:term":[{"taxonomy":"product_brand","embeddable":true,"href":"https:\/\/www.hirtenberg-apotheke.at\/katalog\/wp-json\/wp\/v2\/product_brand?post=32337"},{"taxonomy":"product_cat","embeddable":true,"href":"https:\/\/www.hirtenberg-apotheke.at\/katalog\/wp-json\/wp\/v2\/product_cat?post=32337"},{"taxonomy":"product_tag","embeddable":true,"href":"https:\/\/www.hirtenberg-apotheke.at\/katalog\/wp-json\/wp\/v2\/product_tag?post=32337"}],"curies":[{"name":"wp","href":"https:\/\/api.w.org\/{rel}","templated":true}]}}