{"id":32346,"date":"2025-11-25T22:18:55","date_gmt":"2025-11-25T21:18:55","guid":{"rendered":"https:\/\/www.hirtenberg-apotheke.at\/katalog\/produkt\/dermaplast-neu-classic-10-stk-6-m-x-10-cm\/"},"modified":"2025-11-25T22:19:00","modified_gmt":"2025-11-25T21:19:00","slug":"dermaplast-neu-classic-10-stk-6-m-x-10-cm","status":"publish","type":"product","link":"https:\/\/www.hirtenberg-apotheke.at\/katalog\/produkt\/dermaplast-neu-classic-10-stk-6-m-x-10-cm\/","title":{"rendered":"Dermaplast Neu Classic 10 Stk. 6 m x 10 cm"},"content":{"rendered":"<p>&#8222;Produkteigenschaften:Aus extra strapazierf\u00e4higem Textilgewebe, wasserabweisend impr\u00e4gniert, luftdurchl\u00e4ssig, hautfreundlich durch hypoallergenen Kleber.&#8220;<\/p>\n","protected":false},"excerpt":{"rendered":"<p>&#8222;Produkteigenschaften:Aus extra strapazierf\u00e4higem Textilgewebe, wasserabweisend impr\u00e4gniert, luftdurchl\u00e4ssig, hautfreundlich durch hypoallergenen Kleber.&#8220;<\/p>\n","protected":false},"featured_media":32348,"template":"","meta":{"_acf_changed":false},"product_brand":[],"product_cat":[295],"product_tag":[],"class_list":{"0":"post-32346","1":"product","2":"type-product","3":"status-publish","4":"has-post-thumbnail","6":"product_cat-d","7":"pa_packungsgroesse-10-stueck","9":"first","10":"instock","11":"shipping-taxable","12":"purchasable","13":"product-type-simple"},"acf":[],"_links":{"self":[{"href":"https:\/\/www.hirtenberg-apotheke.at\/katalog\/wp-json\/wp\/v2\/product\/32346","targetHints":{"allow":["GET"]}}],"collection":[{"href":"https:\/\/www.hirtenberg-apotheke.at\/katalog\/wp-json\/wp\/v2\/product"}],"about":[{"href":"https:\/\/www.hirtenberg-apotheke.at\/katalog\/wp-json\/wp\/v2\/types\/product"}],"wp:featuredmedia":[{"embeddable":true,"href":"https:\/\/www.hirtenberg-apotheke.at\/katalog\/wp-json\/wp\/v2\/media\/32348"}],"wp:attachment":[{"href":"https:\/\/www.hirtenberg-apotheke.at\/katalog\/wp-json\/wp\/v2\/media?parent=32346"}],"wp:term":[{"taxonomy":"product_brand","embeddable":true,"href":"https:\/\/www.hirtenberg-apotheke.at\/katalog\/wp-json\/wp\/v2\/product_brand?post=32346"},{"taxonomy":"product_cat","embeddable":true,"href":"https:\/\/www.hirtenberg-apotheke.at\/katalog\/wp-json\/wp\/v2\/product_cat?post=32346"},{"taxonomy":"product_tag","embeddable":true,"href":"https:\/\/www.hirtenberg-apotheke.at\/katalog\/wp-json\/wp\/v2\/product_tag?post=32346"}],"curies":[{"name":"wp","href":"https:\/\/api.w.org\/{rel}","templated":true}]}}