{"id":32449,"date":"2025-11-25T22:20:31","date_gmt":"2025-11-25T21:20:31","guid":{"rendered":"https:\/\/www.hirtenberg-apotheke.at\/katalog\/produkt\/leukomed-t-plus-8-x-15-cm-5-stk\/"},"modified":"2025-11-25T22:20:35","modified_gmt":"2025-11-25T21:20:35","slug":"leukomed-t-plus-8-x-15-cm-5-stk","status":"publish","type":"product","link":"https:\/\/www.hirtenberg-apotheke.at\/katalog\/produkt\/leukomed-t-plus-8-x-15-cm-5-stk\/","title":{"rendered":"Leukomed T Plus 8 x 15 cm 5 Stk."},"content":{"rendered":"<p>Leukomed T Plus bietet nicht nur dem Anwender eine Vielzahl an M\u00f6glichkeiten, auch der Patient profitiert von den wasser- und keimdichten Eigenschaften des sterilen Wundverbandes. Dieser postoperative Folienverband mit seiner stark saugf\u00e4higen Wundauflage erm\u00f6glicht es dem Patienten, seine gewohnten Alltagsaktivit\u00e4ten fr\u00fchzeitig wieder aufzunehmen.<\/p>\n","protected":false},"excerpt":{"rendered":"<p>Leukomed T Plus bietet nicht nur dem Anwender eine Vielzahl an M\u00f6glichkeiten, auch der Patient profitiert von den wasser- und keimdichten Eigenschaften des sterilen Wundverbandes. Dieser postoperative Folienverband mit seiner stark saugf\u00e4higen Wundauflage erm\u00f6glicht es dem Patienten, seine gewohnten Alltagsaktivit\u00e4ten fr\u00fchzeitig wieder aufzunehmen.<\/p>\n","protected":false},"featured_media":32451,"template":"","meta":{"_acf_changed":false},"product_brand":[],"product_cat":[317],"product_tag":[],"class_list":{"0":"post-32449","1":"product","2":"type-product","3":"status-publish","4":"has-post-thumbnail","6":"product_cat-l","7":"pa_packungsgroesse-5-stueck","9":"first","10":"instock","11":"shipping-taxable","12":"purchasable","13":"product-type-simple"},"acf":[],"_links":{"self":[{"href":"https:\/\/www.hirtenberg-apotheke.at\/katalog\/wp-json\/wp\/v2\/product\/32449","targetHints":{"allow":["GET"]}}],"collection":[{"href":"https:\/\/www.hirtenberg-apotheke.at\/katalog\/wp-json\/wp\/v2\/product"}],"about":[{"href":"https:\/\/www.hirtenberg-apotheke.at\/katalog\/wp-json\/wp\/v2\/types\/product"}],"wp:featuredmedia":[{"embeddable":true,"href":"https:\/\/www.hirtenberg-apotheke.at\/katalog\/wp-json\/wp\/v2\/media\/32451"}],"wp:attachment":[{"href":"https:\/\/www.hirtenberg-apotheke.at\/katalog\/wp-json\/wp\/v2\/media?parent=32449"}],"wp:term":[{"taxonomy":"product_brand","embeddable":true,"href":"https:\/\/www.hirtenberg-apotheke.at\/katalog\/wp-json\/wp\/v2\/product_brand?post=32449"},{"taxonomy":"product_cat","embeddable":true,"href":"https:\/\/www.hirtenberg-apotheke.at\/katalog\/wp-json\/wp\/v2\/product_cat?post=32449"},{"taxonomy":"product_tag","embeddable":true,"href":"https:\/\/www.hirtenberg-apotheke.at\/katalog\/wp-json\/wp\/v2\/product_tag?post=32449"}],"curies":[{"name":"wp","href":"https:\/\/api.w.org\/{rel}","templated":true}]}}