{"id":32472,"date":"2025-11-25T22:20:53","date_gmt":"2025-11-25T21:20:53","guid":{"rendered":"https:\/\/www.hirtenberg-apotheke.at\/katalog\/produkt\/dermaplast-elastic-10-stk-8-x-10-cm\/"},"modified":"2025-11-25T22:20:56","modified_gmt":"2025-11-25T21:20:56","slug":"dermaplast-elastic-10-stk-8-x-10-cm","status":"publish","type":"product","link":"https:\/\/www.hirtenberg-apotheke.at\/katalog\/produkt\/dermaplast-elastic-10-stk-8-x-10-cm\/","title":{"rendered":"Dermaplast Elastic 10 Stk. 8 x 10 cm"},"content":{"rendered":"<p>&#8222;Produkteigenschaften:Flexibel, aus querelastischem Textilgewebe, wasserabweisend impr\u00e4gniert, anschmiegsam, luftdurchl\u00e4ssig, hautfreundlich durch hypoallergenen Kleber.In verschiedenen (Spezial) Formen erh\u00e4ltlich.&#8220;<\/p>\n","protected":false},"excerpt":{"rendered":"<p>&#8222;Produkteigenschaften:Flexibel, aus querelastischem Textilgewebe, wasserabweisend impr\u00e4gniert, anschmiegsam, luftdurchl\u00e4ssig, hautfreundlich durch hypoallergenen Kleber.In verschiedenen (Spezial) Formen erh\u00e4ltlich.&#8220;<\/p>\n","protected":false},"featured_media":32474,"template":"","meta":{"_acf_changed":false},"product_brand":[],"product_cat":[295],"product_tag":[],"class_list":{"0":"post-32472","1":"product","2":"type-product","3":"status-publish","4":"has-post-thumbnail","6":"product_cat-d","7":"pa_packungsgroesse-10-stueck","9":"first","10":"instock","11":"shipping-taxable","12":"purchasable","13":"product-type-simple"},"acf":[],"_links":{"self":[{"href":"https:\/\/www.hirtenberg-apotheke.at\/katalog\/wp-json\/wp\/v2\/product\/32472","targetHints":{"allow":["GET"]}}],"collection":[{"href":"https:\/\/www.hirtenberg-apotheke.at\/katalog\/wp-json\/wp\/v2\/product"}],"about":[{"href":"https:\/\/www.hirtenberg-apotheke.at\/katalog\/wp-json\/wp\/v2\/types\/product"}],"wp:featuredmedia":[{"embeddable":true,"href":"https:\/\/www.hirtenberg-apotheke.at\/katalog\/wp-json\/wp\/v2\/media\/32474"}],"wp:attachment":[{"href":"https:\/\/www.hirtenberg-apotheke.at\/katalog\/wp-json\/wp\/v2\/media?parent=32472"}],"wp:term":[{"taxonomy":"product_brand","embeddable":true,"href":"https:\/\/www.hirtenberg-apotheke.at\/katalog\/wp-json\/wp\/v2\/product_brand?post=32472"},{"taxonomy":"product_cat","embeddable":true,"href":"https:\/\/www.hirtenberg-apotheke.at\/katalog\/wp-json\/wp\/v2\/product_cat?post=32472"},{"taxonomy":"product_tag","embeddable":true,"href":"https:\/\/www.hirtenberg-apotheke.at\/katalog\/wp-json\/wp\/v2\/product_tag?post=32472"}],"curies":[{"name":"wp","href":"https:\/\/api.w.org\/{rel}","templated":true}]}}