{"id":32479,"date":"2025-11-25T22:20:58","date_gmt":"2025-11-25T21:20:58","guid":{"rendered":"https:\/\/www.hirtenberg-apotheke.at\/katalog\/produkt\/leukoplast-kids-strips-2gr-12-stk\/"},"modified":"2025-11-25T22:21:06","modified_gmt":"2025-11-25T21:21:06","slug":"leukoplast-kids-strips-2gr-12-stk","status":"publish","type":"product","link":"https:\/\/www.hirtenberg-apotheke.at\/katalog\/produkt\/leukoplast-kids-strips-2gr-12-stk\/","title":{"rendered":"Leukoplast Kids Strips 2GR 12 Stk."},"content":{"rendered":"<p>Leukoplast\u00ae ist ein wasserabweisendes, hautfarbenes Fixierpflaster mit wasserabweisender Oberfl\u00e4che f\u00fcr normal empfindliche Haut. Es ist au\u00dfergew\u00f6hnlich zugfest und weist eine hohe Sofort- und Dauerklebkraft auf. Leukoplast\u00ae haftet auch bei starker Belastung fest und sicher und ist luft- und wasserdampfdurchl\u00e4ssig.<\/p>\n","protected":false},"excerpt":{"rendered":"<p>Leukoplast\u00ae ist ein wasserabweisendes, hautfarbenes Fixierpflaster mit wasserabweisender Oberfl\u00e4che f\u00fcr normal empfindliche Haut. Es ist au\u00dfergew\u00f6hnlich zugfest und weist eine hohe Sofort- und Dauerklebkraft auf. Leukoplast\u00ae haftet auch bei starker Belastung fest und sicher und ist luft- und wasserdampfdurchl\u00e4ssig.<\/p>\n","protected":false},"featured_media":32481,"template":"","meta":{"_acf_changed":false},"product_brand":[971],"product_cat":[317],"product_tag":[],"class_list":{"0":"post-32479","1":"product","2":"type-product","3":"status-publish","4":"has-post-thumbnail","6":"product_brand-leukoplast","7":"product_cat-l","8":"pa_packungsgroesse-12-stueck","10":"first","11":"instock","12":"shipping-taxable","13":"purchasable","14":"product-type-simple"},"acf":[],"_links":{"self":[{"href":"https:\/\/www.hirtenberg-apotheke.at\/katalog\/wp-json\/wp\/v2\/product\/32479","targetHints":{"allow":["GET"]}}],"collection":[{"href":"https:\/\/www.hirtenberg-apotheke.at\/katalog\/wp-json\/wp\/v2\/product"}],"about":[{"href":"https:\/\/www.hirtenberg-apotheke.at\/katalog\/wp-json\/wp\/v2\/types\/product"}],"wp:featuredmedia":[{"embeddable":true,"href":"https:\/\/www.hirtenberg-apotheke.at\/katalog\/wp-json\/wp\/v2\/media\/32481"}],"wp:attachment":[{"href":"https:\/\/www.hirtenberg-apotheke.at\/katalog\/wp-json\/wp\/v2\/media?parent=32479"}],"wp:term":[{"taxonomy":"product_brand","embeddable":true,"href":"https:\/\/www.hirtenberg-apotheke.at\/katalog\/wp-json\/wp\/v2\/product_brand?post=32479"},{"taxonomy":"product_cat","embeddable":true,"href":"https:\/\/www.hirtenberg-apotheke.at\/katalog\/wp-json\/wp\/v2\/product_cat?post=32479"},{"taxonomy":"product_tag","embeddable":true,"href":"https:\/\/www.hirtenberg-apotheke.at\/katalog\/wp-json\/wp\/v2\/product_tag?post=32479"}],"curies":[{"name":"wp","href":"https:\/\/api.w.org\/{rel}","templated":true}]}}