{"id":32710,"date":"2025-11-25T22:24:32","date_gmt":"2025-11-25T21:24:32","guid":{"rendered":"https:\/\/www.hirtenberg-apotheke.at\/katalog\/produkt\/pro-ophta-augenverband-50-stk-s-gross-78-x-114-mm\/"},"modified":"2025-11-25T22:24:49","modified_gmt":"2025-11-25T21:24:49","slug":"pro-ophta-augenverband-50-stk-s-gross-78-x-114-mm","status":"publish","type":"product","link":"https:\/\/www.hirtenberg-apotheke.at\/katalog\/produkt\/pro-ophta-augenverband-50-stk-s-gross-78-x-114-mm\/","title":{"rendered":"Pro Ophta Augenverband 50 Stk. S gro\u00df 78 x 114 mm"},"content":{"rendered":"<p>Pro Ophta Augenverband zur Versorgung von Verletzungen am \u00e4u\u00dferen Auge.<\/p>\n","protected":false},"excerpt":{"rendered":"<p>Pro Ophta Augenverband zur Versorgung von Verletzungen am \u00e4u\u00dferen Auge.<\/p>\n","protected":false},"featured_media":0,"template":"","meta":{"_acf_changed":false},"product_brand":[],"product_cat":[302],"product_tag":[],"class_list":{"0":"post-32710","1":"product","2":"type-product","3":"status-publish","5":"product_cat-p","6":"pa_packungsgroesse-50-stueck","8":"first","9":"instock","10":"shipping-taxable","11":"purchasable","12":"product-type-simple"},"acf":[],"_links":{"self":[{"href":"https:\/\/www.hirtenberg-apotheke.at\/katalog\/wp-json\/wp\/v2\/product\/32710","targetHints":{"allow":["GET"]}}],"collection":[{"href":"https:\/\/www.hirtenberg-apotheke.at\/katalog\/wp-json\/wp\/v2\/product"}],"about":[{"href":"https:\/\/www.hirtenberg-apotheke.at\/katalog\/wp-json\/wp\/v2\/types\/product"}],"wp:attachment":[{"href":"https:\/\/www.hirtenberg-apotheke.at\/katalog\/wp-json\/wp\/v2\/media?parent=32710"}],"wp:term":[{"taxonomy":"product_brand","embeddable":true,"href":"https:\/\/www.hirtenberg-apotheke.at\/katalog\/wp-json\/wp\/v2\/product_brand?post=32710"},{"taxonomy":"product_cat","embeddable":true,"href":"https:\/\/www.hirtenberg-apotheke.at\/katalog\/wp-json\/wp\/v2\/product_cat?post=32710"},{"taxonomy":"product_tag","embeddable":true,"href":"https:\/\/www.hirtenberg-apotheke.at\/katalog\/wp-json\/wp\/v2\/product_tag?post=32710"}],"curies":[{"name":"wp","href":"https:\/\/api.w.org\/{rel}","templated":true}]}}