{"id":32738,"date":"2025-11-25T22:25:11","date_gmt":"2025-11-25T21:25:11","guid":{"rendered":"https:\/\/www.hirtenberg-apotheke.at\/katalog\/produkt\/leukoflex-5-m-x-125-cm-1-stk\/"},"modified":"2025-11-25T22:25:18","modified_gmt":"2025-11-25T21:25:18","slug":"leukoflex-5-m-x-125-cm-1-stk","status":"publish","type":"product","link":"https:\/\/www.hirtenberg-apotheke.at\/katalog\/produkt\/leukoflex-5-m-x-125-cm-1-stk\/","title":{"rendered":"Leukoflex 5 m x 1,25 cm 1 Stk."},"content":{"rendered":"<p>Leukoflex ist das Rollenpflaster der Wahl, wenn es auf eine wasserfeste, nach innen und au\u00dfen dichte Verbandfixierung ankommt. Leukoflex ist ein strahlenindifferentes, hautfreundliches, transparentes Fixierpflaster. Es passt sich konturierten K\u00f6rperpartien gut an und ist neutral gegen\u00fcber Kunststoff und Gummi. Es verf\u00fcgt \u00fcber eine gute Sofort- und Dauerklebkraft und ist schmerzlos und r\u00fcckstandsfrei entfernbar. erhalten Sie dieses Produkt in 5 m langen Rollen in den Breiten 1,25 cm, 2,50 cm und 5 cm.<\/p>\n","protected":false},"excerpt":{"rendered":"<p>Leukoflex ist das Rollenpflaster der Wahl, wenn es auf eine wasserfeste, nach innen und au\u00dfen dichte Verbandfixierung ankommt. Leukoflex ist ein strahlenindifferentes, hautfreundliches, transparentes Fixierpflaster. Es passt sich konturierten K\u00f6rperpartien gut an und ist neutral gegen\u00fcber Kunststoff und Gummi. Es verf\u00fcgt \u00fcber eine gute Sofort- und Dauerklebkraft und ist schmerzlos und r\u00fcckstandsfrei entfernbar. erhalten Sie [&hellip;]<\/p>\n","protected":false},"featured_media":32740,"template":"","meta":{"_acf_changed":false},"product_brand":[],"product_cat":[317],"product_tag":[],"class_list":{"0":"post-32738","1":"product","2":"type-product","3":"status-publish","4":"has-post-thumbnail","6":"product_cat-l","7":"pa_packungsgroesse-1-stueck","9":"first","10":"instock","11":"shipping-taxable","12":"purchasable","13":"product-type-simple"},"acf":[],"_links":{"self":[{"href":"https:\/\/www.hirtenberg-apotheke.at\/katalog\/wp-json\/wp\/v2\/product\/32738","targetHints":{"allow":["GET"]}}],"collection":[{"href":"https:\/\/www.hirtenberg-apotheke.at\/katalog\/wp-json\/wp\/v2\/product"}],"about":[{"href":"https:\/\/www.hirtenberg-apotheke.at\/katalog\/wp-json\/wp\/v2\/types\/product"}],"wp:featuredmedia":[{"embeddable":true,"href":"https:\/\/www.hirtenberg-apotheke.at\/katalog\/wp-json\/wp\/v2\/media\/32740"}],"wp:attachment":[{"href":"https:\/\/www.hirtenberg-apotheke.at\/katalog\/wp-json\/wp\/v2\/media?parent=32738"}],"wp:term":[{"taxonomy":"product_brand","embeddable":true,"href":"https:\/\/www.hirtenberg-apotheke.at\/katalog\/wp-json\/wp\/v2\/product_brand?post=32738"},{"taxonomy":"product_cat","embeddable":true,"href":"https:\/\/www.hirtenberg-apotheke.at\/katalog\/wp-json\/wp\/v2\/product_cat?post=32738"},{"taxonomy":"product_tag","embeddable":true,"href":"https:\/\/www.hirtenberg-apotheke.at\/katalog\/wp-json\/wp\/v2\/product_tag?post=32738"}],"curies":[{"name":"wp","href":"https:\/\/api.w.org\/{rel}","templated":true}]}}