{"id":32761,"date":"2025-11-25T22:25:33","date_gmt":"2025-11-25T21:25:33","guid":{"rendered":"https:\/\/www.hirtenberg-apotheke.at\/katalog\/produkt\/cuticerin-gaze-mit-salbenbeschichtung-1-stk-75-x-75-cm\/"},"modified":"2025-11-25T22:25:35","modified_gmt":"2025-11-25T21:25:35","slug":"cuticerin-gaze-mit-salbenbeschichtung-1-stk-75-x-75-cm","status":"publish","type":"product","link":"https:\/\/www.hirtenberg-apotheke.at\/katalog\/produkt\/cuticerin-gaze-mit-salbenbeschichtung-1-stk-75-x-75-cm\/","title":{"rendered":"Cuticerin Gaze mit Salbenbeschichtung  1 Stk. 7,5 x 7,5 cm"},"content":{"rendered":"<p>CUTICERIN ist eine Eucerit\u00ae-haltige* Salbenkompresse, die als prim\u00e4re Auflage zwischen Wunde und Sekund\u00e4rverband dient. CUTICERIN verklebt nicht mit der Wunde und sorgt so f\u00fcr einen schmerzarmen Verbandswechsel sowie ungest\u00f6rte Wundruhe. Die Salbenbeschichtung sch\u00fctzt die Wundfl\u00e4che und die Wundr\u00e4nder. CUTCERIN l\u00e4sst \u00fcbersch\u00fcssiges Exsudat in einen absorbierenden Sekund\u00e4rverband abflie\u00dfen. Das glatte Acetatgewebe mit seiner definierten, geringen Maschenweite minimiert das Risiko des Einwachsens von Granulationsgewebe.*Eucerit ist ein eingetragenes Markenzeichen der Beiersdorf AGCUTICERIN kann zur Versorgung von oberfl\u00e4chlichen, exsudierenden Wunden wie Brand- und Sch\u00fcrfwunden, Strahlensch\u00e4den und Spalthautentnahmestellen eingesetzt werden..<\/p>\n","protected":false},"excerpt":{"rendered":"<p>CUTICERIN ist eine Eucerit\u00ae-haltige* Salbenkompresse, die als prim\u00e4re Auflage zwischen Wunde und Sekund\u00e4rverband dient. CUTICERIN verklebt nicht mit der Wunde und sorgt so f\u00fcr einen schmerzarmen Verbandswechsel sowie ungest\u00f6rte Wundruhe. Die Salbenbeschichtung sch\u00fctzt die Wundfl\u00e4che und die Wundr\u00e4nder. CUTCERIN l\u00e4sst \u00fcbersch\u00fcssiges Exsudat in einen absorbierenden Sekund\u00e4rverband abflie\u00dfen. Das glatte Acetatgewebe mit seiner definierten, geringen Maschenweite [&hellip;]<\/p>\n","protected":false},"featured_media":0,"template":"","meta":{"_acf_changed":false},"product_brand":[],"product_cat":[337],"product_tag":[],"class_list":{"0":"post-32761","1":"product","2":"type-product","3":"status-publish","5":"product_cat-c","6":"pa_packungsgroesse-1-stueck","8":"first","9":"instock","10":"shipping-taxable","11":"purchasable","12":"product-type-simple"},"acf":[],"_links":{"self":[{"href":"https:\/\/www.hirtenberg-apotheke.at\/katalog\/wp-json\/wp\/v2\/product\/32761","targetHints":{"allow":["GET"]}}],"collection":[{"href":"https:\/\/www.hirtenberg-apotheke.at\/katalog\/wp-json\/wp\/v2\/product"}],"about":[{"href":"https:\/\/www.hirtenberg-apotheke.at\/katalog\/wp-json\/wp\/v2\/types\/product"}],"wp:attachment":[{"href":"https:\/\/www.hirtenberg-apotheke.at\/katalog\/wp-json\/wp\/v2\/media?parent=32761"}],"wp:term":[{"taxonomy":"product_brand","embeddable":true,"href":"https:\/\/www.hirtenberg-apotheke.at\/katalog\/wp-json\/wp\/v2\/product_brand?post=32761"},{"taxonomy":"product_cat","embeddable":true,"href":"https:\/\/www.hirtenberg-apotheke.at\/katalog\/wp-json\/wp\/v2\/product_cat?post=32761"},{"taxonomy":"product_tag","embeddable":true,"href":"https:\/\/www.hirtenberg-apotheke.at\/katalog\/wp-json\/wp\/v2\/product_tag?post=32761"}],"curies":[{"name":"wp","href":"https:\/\/api.w.org\/{rel}","templated":true}]}}