{"id":32793,"date":"2025-11-25T22:26:00","date_gmt":"2025-11-25T21:26:00","guid":{"rendered":"https:\/\/www.hirtenberg-apotheke.at\/katalog\/produkt\/leukoplast-barrier-strip-gr-3-30-stk\/"},"modified":"2025-11-25T22:26:05","modified_gmt":"2025-11-25T21:26:05","slug":"leukoplast-barrier-strip-gr-3-30-stk","status":"publish","type":"product","link":"https:\/\/www.hirtenberg-apotheke.at\/katalog\/produkt\/leukoplast-barrier-strip-gr-3-30-stk\/","title":{"rendered":"Leukoplast Barrier Strip Gr. 3 30 Stk."},"content":{"rendered":"<p>Leukoplast Barrier Strip enth\u00e4lt ein einzigartiges Substrat, das Bakterien fernh\u00e4lt und dar\u00fcber hinaus hautfreundlich und atmungsaktiv ist.<\/p>\n","protected":false},"excerpt":{"rendered":"<p>Leukoplast Barrier Strip enth\u00e4lt ein einzigartiges Substrat, das Bakterien fernh\u00e4lt und dar\u00fcber hinaus hautfreundlich und atmungsaktiv ist.<\/p>\n","protected":false},"featured_media":0,"template":"","meta":{"_acf_changed":false},"product_brand":[971],"product_cat":[317],"product_tag":[],"class_list":{"0":"post-32793","1":"product","2":"type-product","3":"status-publish","5":"product_brand-leukoplast","6":"product_cat-l","7":"pa_packungsgroesse-30-stueck","9":"first","10":"instock","11":"shipping-taxable","12":"purchasable","13":"product-type-simple"},"acf":[],"_links":{"self":[{"href":"https:\/\/www.hirtenberg-apotheke.at\/katalog\/wp-json\/wp\/v2\/product\/32793","targetHints":{"allow":["GET"]}}],"collection":[{"href":"https:\/\/www.hirtenberg-apotheke.at\/katalog\/wp-json\/wp\/v2\/product"}],"about":[{"href":"https:\/\/www.hirtenberg-apotheke.at\/katalog\/wp-json\/wp\/v2\/types\/product"}],"wp:attachment":[{"href":"https:\/\/www.hirtenberg-apotheke.at\/katalog\/wp-json\/wp\/v2\/media?parent=32793"}],"wp:term":[{"taxonomy":"product_brand","embeddable":true,"href":"https:\/\/www.hirtenberg-apotheke.at\/katalog\/wp-json\/wp\/v2\/product_brand?post=32793"},{"taxonomy":"product_cat","embeddable":true,"href":"https:\/\/www.hirtenberg-apotheke.at\/katalog\/wp-json\/wp\/v2\/product_cat?post=32793"},{"taxonomy":"product_tag","embeddable":true,"href":"https:\/\/www.hirtenberg-apotheke.at\/katalog\/wp-json\/wp\/v2\/product_tag?post=32793"}],"curies":[{"name":"wp","href":"https:\/\/api.w.org\/{rel}","templated":true}]}}