{"id":32917,"date":"2025-11-25T22:27:36","date_gmt":"2025-11-25T21:27:36","guid":{"rendered":"https:\/\/www.hirtenberg-apotheke.at\/katalog\/produkt\/dreiecktuecher-eurohelp-schwarz\/"},"modified":"2025-11-25T22:27:51","modified_gmt":"2025-11-25T21:27:51","slug":"dreiecktuecher-eurohelp-schwarz","status":"publish","type":"product","link":"https:\/\/www.hirtenberg-apotheke.at\/katalog\/produkt\/dreiecktuecher-eurohelp-schwarz\/","title":{"rendered":"Dreieckt\u00fccher Eurohelp Schwarz"},"content":{"rendered":"<p>Dreiecktuch Eurohelp Schwarz dient zum St\u00fctzen von Verb\u00e4nden oder Verletzungen am Arm. Entsprechend der \u00d6norm K2122 darf das Tuch in keinem Erste-Hilfe-Set fehlen, da es ein Pflichtartikel laut \u00d6-Norm in jedem Verbandkasten ist.<\/p>\n","protected":false},"excerpt":{"rendered":"<p>Dreiecktuch Eurohelp Schwarz dient zum St\u00fctzen von Verb\u00e4nden oder Verletzungen am Arm. Entsprechend der \u00d6norm K2122 darf das Tuch in keinem Erste-Hilfe-Set fehlen, da es ein Pflichtartikel laut \u00d6-Norm in jedem Verbandkasten ist.<\/p>\n","protected":false},"featured_media":0,"template":"","meta":{"_acf_changed":false},"product_brand":[],"product_cat":[295],"product_tag":[],"class_list":{"0":"post-32917","1":"product","2":"type-product","3":"status-publish","5":"product_cat-d","6":"pa_packungsgroesse-1-stueck","8":"first","9":"instock","10":"shipping-taxable","11":"purchasable","12":"product-type-simple"},"acf":[],"_links":{"self":[{"href":"https:\/\/www.hirtenberg-apotheke.at\/katalog\/wp-json\/wp\/v2\/product\/32917","targetHints":{"allow":["GET"]}}],"collection":[{"href":"https:\/\/www.hirtenberg-apotheke.at\/katalog\/wp-json\/wp\/v2\/product"}],"about":[{"href":"https:\/\/www.hirtenberg-apotheke.at\/katalog\/wp-json\/wp\/v2\/types\/product"}],"wp:attachment":[{"href":"https:\/\/www.hirtenberg-apotheke.at\/katalog\/wp-json\/wp\/v2\/media?parent=32917"}],"wp:term":[{"taxonomy":"product_brand","embeddable":true,"href":"https:\/\/www.hirtenberg-apotheke.at\/katalog\/wp-json\/wp\/v2\/product_brand?post=32917"},{"taxonomy":"product_cat","embeddable":true,"href":"https:\/\/www.hirtenberg-apotheke.at\/katalog\/wp-json\/wp\/v2\/product_cat?post=32917"},{"taxonomy":"product_tag","embeddable":true,"href":"https:\/\/www.hirtenberg-apotheke.at\/katalog\/wp-json\/wp\/v2\/product_tag?post=32917"}],"curies":[{"name":"wp","href":"https:\/\/api.w.org\/{rel}","templated":true}]}}