{"id":32928,"date":"2025-11-25T22:27:55","date_gmt":"2025-11-25T21:27:55","guid":{"rendered":"https:\/\/www.hirtenberg-apotheke.at\/katalog\/produkt\/kinderpflaster-gothaplast-strips-3gr-12-stk\/"},"modified":"2025-11-25T22:27:56","modified_gmt":"2025-11-25T21:27:56","slug":"kinderpflaster-gothaplast-strips-3gr-12-stk","status":"publish","type":"product","link":"https:\/\/www.hirtenberg-apotheke.at\/katalog\/produkt\/kinderpflaster-gothaplast-strips-3gr-12-stk\/","title":{"rendered":"Kinderpflaster Gothaplast Strips 3GR 12 Stk."},"content":{"rendered":"<p>Kinderpflaster Gothaplast Strips sind Trostpflaster f\u00fcr gro\u00dfe und kleine Kinder zur Versorgung allt\u00e4glicher Bagatellverletzungen. Diese Pflaster k\u00f6nnen bei Verletzungen, die Schmutz oder Feuchtigkeit ausgesetzt sind, angewendet werden. Die Pflaster sind hautvertr\u00e4glich und zuverl\u00e4ssig klebend. Die Wundauflage aus saugf\u00e4higem Vlies verklebt nicht mit der Wunde.<\/p>\n","protected":false},"excerpt":{"rendered":"<p>Kinderpflaster Gothaplast Strips sind Trostpflaster f\u00fcr gro\u00dfe und kleine Kinder zur Versorgung allt\u00e4glicher Bagatellverletzungen. Diese Pflaster k\u00f6nnen bei Verletzungen, die Schmutz oder Feuchtigkeit ausgesetzt sind, angewendet werden. Die Pflaster sind hautvertr\u00e4glich und zuverl\u00e4ssig klebend. Die Wundauflage aus saugf\u00e4higem Vlies verklebt nicht mit der Wunde.<\/p>\n","protected":false},"featured_media":0,"template":"","meta":{"_acf_changed":false},"product_brand":[],"product_cat":[387],"product_tag":[],"class_list":{"0":"post-32928","1":"product","2":"type-product","3":"status-publish","5":"product_cat-k","6":"pa_packungsgroesse-12-stueck","8":"first","9":"instock","10":"shipping-taxable","11":"purchasable","12":"product-type-simple"},"acf":[],"_links":{"self":[{"href":"https:\/\/www.hirtenberg-apotheke.at\/katalog\/wp-json\/wp\/v2\/product\/32928","targetHints":{"allow":["GET"]}}],"collection":[{"href":"https:\/\/www.hirtenberg-apotheke.at\/katalog\/wp-json\/wp\/v2\/product"}],"about":[{"href":"https:\/\/www.hirtenberg-apotheke.at\/katalog\/wp-json\/wp\/v2\/types\/product"}],"wp:attachment":[{"href":"https:\/\/www.hirtenberg-apotheke.at\/katalog\/wp-json\/wp\/v2\/media?parent=32928"}],"wp:term":[{"taxonomy":"product_brand","embeddable":true,"href":"https:\/\/www.hirtenberg-apotheke.at\/katalog\/wp-json\/wp\/v2\/product_brand?post=32928"},{"taxonomy":"product_cat","embeddable":true,"href":"https:\/\/www.hirtenberg-apotheke.at\/katalog\/wp-json\/wp\/v2\/product_cat?post=32928"},{"taxonomy":"product_tag","embeddable":true,"href":"https:\/\/www.hirtenberg-apotheke.at\/katalog\/wp-json\/wp\/v2\/product_tag?post=32928"}],"curies":[{"name":"wp","href":"https:\/\/api.w.org\/{rel}","templated":true}]}}