{"id":33533,"date":"2025-11-25T22:37:53","date_gmt":"2025-11-25T21:37:53","guid":{"rendered":"https:\/\/www.hirtenberg-apotheke.at\/katalog\/produkt\/kaltostat-kompresse-10-stk-5-x-5-cm\/"},"modified":"2025-11-25T22:38:08","modified_gmt":"2025-11-25T21:38:08","slug":"kaltostat-kompresse-10-stk-5-x-5-cm","status":"publish","type":"product","link":"https:\/\/www.hirtenberg-apotheke.at\/katalog\/produkt\/kaltostat-kompresse-10-stk-5-x-5-cm\/","title":{"rendered":"Kaltostat Kompresse 10 Stk. 5 x 5 cm"},"content":{"rendered":"<p>Kaltostat Kompresse ist ein Kalzium-Natrium-Alginatverband f\u00fcr m\u00e4\u00dfig bis stark n\u00e4ssende Wunden sowie f\u00fcr leicht blutende Wunden. Bei Kontakt mit Feuchtigkeit quellen die trockenen Fasern auf und absorbieren die N\u00e4sse<\/p>\n","protected":false},"excerpt":{"rendered":"<p>Kaltostat Kompresse ist ein Kalzium-Natrium-Alginatverband f\u00fcr m\u00e4\u00dfig bis stark n\u00e4ssende Wunden sowie f\u00fcr leicht blutende Wunden. Bei Kontakt mit Feuchtigkeit quellen die trockenen Fasern auf und absorbieren die N\u00e4sse<\/p>\n","protected":false},"featured_media":33535,"template":"","meta":{"_acf_changed":false},"product_brand":[],"product_cat":[387],"product_tag":[],"class_list":{"0":"post-33533","1":"product","2":"type-product","3":"status-publish","4":"has-post-thumbnail","6":"product_cat-k","7":"pa_packungsgroesse-10-stueck","9":"first","10":"instock","11":"shipping-taxable","12":"purchasable","13":"product-type-simple"},"acf":[],"_links":{"self":[{"href":"https:\/\/www.hirtenberg-apotheke.at\/katalog\/wp-json\/wp\/v2\/product\/33533","targetHints":{"allow":["GET"]}}],"collection":[{"href":"https:\/\/www.hirtenberg-apotheke.at\/katalog\/wp-json\/wp\/v2\/product"}],"about":[{"href":"https:\/\/www.hirtenberg-apotheke.at\/katalog\/wp-json\/wp\/v2\/types\/product"}],"wp:featuredmedia":[{"embeddable":true,"href":"https:\/\/www.hirtenberg-apotheke.at\/katalog\/wp-json\/wp\/v2\/media\/33535"}],"wp:attachment":[{"href":"https:\/\/www.hirtenberg-apotheke.at\/katalog\/wp-json\/wp\/v2\/media?parent=33533"}],"wp:term":[{"taxonomy":"product_brand","embeddable":true,"href":"https:\/\/www.hirtenberg-apotheke.at\/katalog\/wp-json\/wp\/v2\/product_brand?post=33533"},{"taxonomy":"product_cat","embeddable":true,"href":"https:\/\/www.hirtenberg-apotheke.at\/katalog\/wp-json\/wp\/v2\/product_cat?post=33533"},{"taxonomy":"product_tag","embeddable":true,"href":"https:\/\/www.hirtenberg-apotheke.at\/katalog\/wp-json\/wp\/v2\/product_tag?post=33533"}],"curies":[{"name":"wp","href":"https:\/\/api.w.org\/{rel}","templated":true}]}}