{"id":33565,"date":"2025-11-25T22:38:33","date_gmt":"2025-11-25T21:38:33","guid":{"rendered":"https:\/\/www.hirtenberg-apotheke.at\/katalog\/produkt\/leukotape-k-pflaster-schwarz-5-m-x-5-cm-1-stk\/"},"modified":"2025-11-25T22:38:39","modified_gmt":"2025-11-25T21:38:39","slug":"leukotape-k-pflaster-schwarz-5-m-x-5-cm-1-stk","status":"publish","type":"product","link":"https:\/\/www.hirtenberg-apotheke.at\/katalog\/produkt\/leukotape-k-pflaster-schwarz-5-m-x-5-cm-1-stk\/","title":{"rendered":"Leukotape K Pflaster Schwarz 5 m x 5 cm 1 Stk."},"content":{"rendered":"<p>Leukotape K Pflaster ist ein elastischer Klebeverband zur Pr\u00e4vention, Therapie und Rehabilitation. Das Pflaster ist elastisch, damit die volle Beweglichkeit erhalten bleibt. Au\u00dferdem zeichnet sich das Pflaster durch eine gute Klebkraft aus. Dieses Produkt ist in den Farben Hautfarbe, Rot, Blau, Hellblau, Pink und Schwarz in verschiedenen Gr\u00f6\u00dfen erh\u00e4ltlich.<\/p>\n","protected":false},"excerpt":{"rendered":"<p>Leukotape K Pflaster ist ein elastischer Klebeverband zur Pr\u00e4vention, Therapie und Rehabilitation. Das Pflaster ist elastisch, damit die volle Beweglichkeit erhalten bleibt. Au\u00dferdem zeichnet sich das Pflaster durch eine gute Klebkraft aus. Dieses Produkt ist in den Farben Hautfarbe, Rot, Blau, Hellblau, Pink und Schwarz in verschiedenen Gr\u00f6\u00dfen erh\u00e4ltlich.<\/p>\n","protected":false},"featured_media":0,"template":"","meta":{"_acf_changed":false},"product_brand":[],"product_cat":[317],"product_tag":[],"class_list":{"0":"post-33565","1":"product","2":"type-product","3":"status-publish","5":"product_cat-l","6":"pa_packungsgroesse-1-stueck","8":"first","9":"instock","10":"shipping-taxable","11":"purchasable","12":"product-type-simple"},"acf":[],"_links":{"self":[{"href":"https:\/\/www.hirtenberg-apotheke.at\/katalog\/wp-json\/wp\/v2\/product\/33565","targetHints":{"allow":["GET"]}}],"collection":[{"href":"https:\/\/www.hirtenberg-apotheke.at\/katalog\/wp-json\/wp\/v2\/product"}],"about":[{"href":"https:\/\/www.hirtenberg-apotheke.at\/katalog\/wp-json\/wp\/v2\/types\/product"}],"wp:attachment":[{"href":"https:\/\/www.hirtenberg-apotheke.at\/katalog\/wp-json\/wp\/v2\/media?parent=33565"}],"wp:term":[{"taxonomy":"product_brand","embeddable":true,"href":"https:\/\/www.hirtenberg-apotheke.at\/katalog\/wp-json\/wp\/v2\/product_brand?post=33565"},{"taxonomy":"product_cat","embeddable":true,"href":"https:\/\/www.hirtenberg-apotheke.at\/katalog\/wp-json\/wp\/v2\/product_cat?post=33565"},{"taxonomy":"product_tag","embeddable":true,"href":"https:\/\/www.hirtenberg-apotheke.at\/katalog\/wp-json\/wp\/v2\/product_tag?post=33565"}],"curies":[{"name":"wp","href":"https:\/\/api.w.org\/{rel}","templated":true}]}}