{"id":33651,"date":"2025-11-25T22:40:02","date_gmt":"2025-11-25T21:40:02","guid":{"rendered":"https:\/\/www.hirtenberg-apotheke.at\/katalog\/produkt\/leukosan-strip-100-stk-6-x-100-mm\/"},"modified":"2025-11-25T22:40:05","modified_gmt":"2025-11-25T21:40:05","slug":"leukosan-strip-100-stk-6-x-100-mm","status":"publish","type":"product","link":"https:\/\/www.hirtenberg-apotheke.at\/katalog\/produkt\/leukosan-strip-100-stk-6-x-100-mm\/","title":{"rendered":"Leukosan Strip  100 Stk. 6 x 100 mm"},"content":{"rendered":"<p>Leukosan Strips sind ideal f\u00fcr den Wundverschluss im Gesichts- und Handbereich oder auch an exponierten K\u00f6rperregionen einsetzbar. Leukosan Strips bestehen aus mikropor\u00f6sem Polyamidgewebe, beschichtet mit einem Acryl-Polymer-Kleber.<\/p>\n","protected":false},"excerpt":{"rendered":"<p>Leukosan Strips sind ideal f\u00fcr den Wundverschluss im Gesichts- und Handbereich oder auch an exponierten K\u00f6rperregionen einsetzbar. Leukosan Strips bestehen aus mikropor\u00f6sem Polyamidgewebe, beschichtet mit einem Acryl-Polymer-Kleber.<\/p>\n","protected":false},"featured_media":33653,"template":"","meta":{"_acf_changed":false},"product_brand":[],"product_cat":[317],"product_tag":[],"class_list":{"0":"post-33651","1":"product","2":"type-product","3":"status-publish","4":"has-post-thumbnail","6":"product_cat-l","7":"pa_packungsgroesse-100-stueck","9":"first","10":"instock","11":"shipping-taxable","12":"purchasable","13":"product-type-simple"},"acf":[],"_links":{"self":[{"href":"https:\/\/www.hirtenberg-apotheke.at\/katalog\/wp-json\/wp\/v2\/product\/33651","targetHints":{"allow":["GET"]}}],"collection":[{"href":"https:\/\/www.hirtenberg-apotheke.at\/katalog\/wp-json\/wp\/v2\/product"}],"about":[{"href":"https:\/\/www.hirtenberg-apotheke.at\/katalog\/wp-json\/wp\/v2\/types\/product"}],"wp:featuredmedia":[{"embeddable":true,"href":"https:\/\/www.hirtenberg-apotheke.at\/katalog\/wp-json\/wp\/v2\/media\/33653"}],"wp:attachment":[{"href":"https:\/\/www.hirtenberg-apotheke.at\/katalog\/wp-json\/wp\/v2\/media?parent=33651"}],"wp:term":[{"taxonomy":"product_brand","embeddable":true,"href":"https:\/\/www.hirtenberg-apotheke.at\/katalog\/wp-json\/wp\/v2\/product_brand?post=33651"},{"taxonomy":"product_cat","embeddable":true,"href":"https:\/\/www.hirtenberg-apotheke.at\/katalog\/wp-json\/wp\/v2\/product_cat?post=33651"},{"taxonomy":"product_tag","embeddable":true,"href":"https:\/\/www.hirtenberg-apotheke.at\/katalog\/wp-json\/wp\/v2\/product_tag?post=33651"}],"curies":[{"name":"wp","href":"https:\/\/api.w.org\/{rel}","templated":true}]}}