{"id":33737,"date":"2025-11-25T22:41:32","date_gmt":"2025-11-25T21:41:32","guid":{"rendered":"https:\/\/www.hirtenberg-apotheke.at\/katalog\/produkt\/hansaplast-soft-5-m-x-8-cm-rolle\/"},"modified":"2025-11-25T22:41:35","modified_gmt":"2025-11-25T21:41:35","slug":"hansaplast-soft-5-m-x-8-cm-rolle","status":"publish","type":"product","link":"https:\/\/www.hirtenberg-apotheke.at\/katalog\/produkt\/hansaplast-soft-5-m-x-8-cm-rolle\/","title":{"rendered":"Hansaplast Soft 5 m x 8 cm Rolle"},"content":{"rendered":"<p>Hansaplast Soft ist mit seinem anschmiegsamen Tr\u00e4germaterial ein besonders hautfreundlicher, luft- und wasserdampfdurchl\u00e4ssiger Wundschnellverband f\u00fcr sensible Haut.<\/p>\n","protected":false},"excerpt":{"rendered":"<p>Hansaplast Soft ist mit seinem anschmiegsamen Tr\u00e4germaterial ein besonders hautfreundlicher, luft- und wasserdampfdurchl\u00e4ssiger Wundschnellverband f\u00fcr sensible Haut.<\/p>\n","protected":false},"featured_media":0,"template":"","meta":{"_acf_changed":false},"product_brand":[470],"product_cat":[330],"product_tag":[],"class_list":{"0":"post-33737","1":"product","2":"type-product","3":"status-publish","5":"product_brand-hansaplast","6":"product_cat-h","7":"pa_packungsgroesse-1-stueck","9":"first","10":"instock","11":"shipping-taxable","12":"purchasable","13":"product-type-simple"},"acf":[],"_links":{"self":[{"href":"https:\/\/www.hirtenberg-apotheke.at\/katalog\/wp-json\/wp\/v2\/product\/33737","targetHints":{"allow":["GET"]}}],"collection":[{"href":"https:\/\/www.hirtenberg-apotheke.at\/katalog\/wp-json\/wp\/v2\/product"}],"about":[{"href":"https:\/\/www.hirtenberg-apotheke.at\/katalog\/wp-json\/wp\/v2\/types\/product"}],"wp:attachment":[{"href":"https:\/\/www.hirtenberg-apotheke.at\/katalog\/wp-json\/wp\/v2\/media?parent=33737"}],"wp:term":[{"taxonomy":"product_brand","embeddable":true,"href":"https:\/\/www.hirtenberg-apotheke.at\/katalog\/wp-json\/wp\/v2\/product_brand?post=33737"},{"taxonomy":"product_cat","embeddable":true,"href":"https:\/\/www.hirtenberg-apotheke.at\/katalog\/wp-json\/wp\/v2\/product_cat?post=33737"},{"taxonomy":"product_tag","embeddable":true,"href":"https:\/\/www.hirtenberg-apotheke.at\/katalog\/wp-json\/wp\/v2\/product_tag?post=33737"}],"curies":[{"name":"wp","href":"https:\/\/api.w.org\/{rel}","templated":true}]}}