{"id":33758,"date":"2025-11-25T22:41:45","date_gmt":"2025-11-25T21:41:45","guid":{"rendered":"https:\/\/www.hirtenberg-apotheke.at\/katalog\/produkt\/varihesive-extra-duenn-10-stk-5-x-20-cm\/"},"modified":"2025-11-25T22:42:00","modified_gmt":"2025-11-25T21:42:00","slug":"varihesive-extra-duenn-10-stk-5-x-20-cm","status":"publish","type":"product","link":"https:\/\/www.hirtenberg-apotheke.at\/katalog\/produkt\/varihesive-extra-duenn-10-stk-5-x-20-cm\/","title":{"rendered":"Varihesive extra d\u00fcnn 10 Stk. 5 x 20 cm"},"content":{"rendered":"<p>Varihesive extra d\u00fcnn wurde speziell zur Verringerung des Risikos weiterer Hautsch\u00e4den durch Reibung entwickelt. Varihesive extra d\u00fcnn ist als prim\u00e4rer Hydrokolloid-Wundverband f\u00fcr trockene bis leicht exsudierende Wunden einsetzbar.<\/p>\n","protected":false},"excerpt":{"rendered":"<p>Varihesive extra d\u00fcnn wurde speziell zur Verringerung des Risikos weiterer Hautsch\u00e4den durch Reibung entwickelt. Varihesive extra d\u00fcnn ist als prim\u00e4rer Hydrokolloid-Wundverband f\u00fcr trockene bis leicht exsudierende Wunden einsetzbar.<\/p>\n","protected":false},"featured_media":33760,"template":"","meta":{"_acf_changed":false},"product_brand":[],"product_cat":[300],"product_tag":[],"class_list":{"0":"post-33758","1":"product","2":"type-product","3":"status-publish","4":"has-post-thumbnail","6":"product_cat-v","7":"pa_packungsgroesse-10-stueck","9":"first","10":"instock","11":"shipping-taxable","12":"purchasable","13":"product-type-simple"},"acf":[],"_links":{"self":[{"href":"https:\/\/www.hirtenberg-apotheke.at\/katalog\/wp-json\/wp\/v2\/product\/33758","targetHints":{"allow":["GET"]}}],"collection":[{"href":"https:\/\/www.hirtenberg-apotheke.at\/katalog\/wp-json\/wp\/v2\/product"}],"about":[{"href":"https:\/\/www.hirtenberg-apotheke.at\/katalog\/wp-json\/wp\/v2\/types\/product"}],"wp:featuredmedia":[{"embeddable":true,"href":"https:\/\/www.hirtenberg-apotheke.at\/katalog\/wp-json\/wp\/v2\/media\/33760"}],"wp:attachment":[{"href":"https:\/\/www.hirtenberg-apotheke.at\/katalog\/wp-json\/wp\/v2\/media?parent=33758"}],"wp:term":[{"taxonomy":"product_brand","embeddable":true,"href":"https:\/\/www.hirtenberg-apotheke.at\/katalog\/wp-json\/wp\/v2\/product_brand?post=33758"},{"taxonomy":"product_cat","embeddable":true,"href":"https:\/\/www.hirtenberg-apotheke.at\/katalog\/wp-json\/wp\/v2\/product_cat?post=33758"},{"taxonomy":"product_tag","embeddable":true,"href":"https:\/\/www.hirtenberg-apotheke.at\/katalog\/wp-json\/wp\/v2\/product_tag?post=33758"}],"curies":[{"name":"wp","href":"https:\/\/api.w.org\/{rel}","templated":true}]}}