{"id":33818,"date":"2025-11-25T22:42:57","date_gmt":"2025-11-25T21:42:57","guid":{"rendered":"https:\/\/www.hirtenberg-apotheke.at\/katalog\/produkt\/leukofix-92-m-x-250-cm-12-stk\/"},"modified":"2025-11-25T22:43:00","modified_gmt":"2025-11-25T21:43:00","slug":"leukofix-92-m-x-250-cm-12-stk","status":"publish","type":"product","link":"https:\/\/www.hirtenberg-apotheke.at\/katalog\/produkt\/leukofix-92-m-x-250-cm-12-stk\/","title":{"rendered":"Leukofix 9,2 m x 2,50 cm 12 Stk."},"content":{"rendered":"<p>Leukofix\u00ae Pflaster ist ein hautfreundliches, transparentes Fixierpflaster. Es ist gut anschmiegsam und sehr leicht quer, l\u00e4ngs und in der Mitte rei\u00dfbar. Es verf\u00fcgt \u00fcber eine gute Klebkraft und ist luft- und wasserdampfdurchl\u00e4ssig \u2013  versandkostenfreie* Lieferung nutzen!<\/p>\n","protected":false},"excerpt":{"rendered":"<p>Leukofix\u00ae Pflaster ist ein hautfreundliches, transparentes Fixierpflaster. Es ist gut anschmiegsam und sehr leicht quer, l\u00e4ngs und in der Mitte rei\u00dfbar. Es verf\u00fcgt \u00fcber eine gute Klebkraft und ist luft- und wasserdampfdurchl\u00e4ssig \u2013 versandkostenfreie* Lieferung nutzen!<\/p>\n","protected":false},"featured_media":33820,"template":"","meta":{"_acf_changed":false},"product_brand":[],"product_cat":[317],"product_tag":[],"class_list":{"0":"post-33818","1":"product","2":"type-product","3":"status-publish","4":"has-post-thumbnail","6":"product_cat-l","7":"pa_packungsgroesse-12-stueck","9":"first","10":"instock","11":"shipping-taxable","12":"purchasable","13":"product-type-simple"},"acf":[],"_links":{"self":[{"href":"https:\/\/www.hirtenberg-apotheke.at\/katalog\/wp-json\/wp\/v2\/product\/33818","targetHints":{"allow":["GET"]}}],"collection":[{"href":"https:\/\/www.hirtenberg-apotheke.at\/katalog\/wp-json\/wp\/v2\/product"}],"about":[{"href":"https:\/\/www.hirtenberg-apotheke.at\/katalog\/wp-json\/wp\/v2\/types\/product"}],"wp:featuredmedia":[{"embeddable":true,"href":"https:\/\/www.hirtenberg-apotheke.at\/katalog\/wp-json\/wp\/v2\/media\/33820"}],"wp:attachment":[{"href":"https:\/\/www.hirtenberg-apotheke.at\/katalog\/wp-json\/wp\/v2\/media?parent=33818"}],"wp:term":[{"taxonomy":"product_brand","embeddable":true,"href":"https:\/\/www.hirtenberg-apotheke.at\/katalog\/wp-json\/wp\/v2\/product_brand?post=33818"},{"taxonomy":"product_cat","embeddable":true,"href":"https:\/\/www.hirtenberg-apotheke.at\/katalog\/wp-json\/wp\/v2\/product_cat?post=33818"},{"taxonomy":"product_tag","embeddable":true,"href":"https:\/\/www.hirtenberg-apotheke.at\/katalog\/wp-json\/wp\/v2\/product_tag?post=33818"}],"curies":[{"name":"wp","href":"https:\/\/api.w.org\/{rel}","templated":true}]}}