{"id":33830,"date":"2025-11-25T22:42:57","date_gmt":"2025-11-25T21:42:57","guid":{"rendered":"https:\/\/www.hirtenberg-apotheke.at\/katalog\/produkt\/trikotschlauchverband-lohmann-rauscher-1-stk-4-m-x-10-cm\/"},"modified":"2025-11-25T22:43:15","modified_gmt":"2025-11-25T21:43:15","slug":"trikotschlauchverband-lohmann-rauscher-1-stk-4-m-x-10-cm","status":"publish","type":"product","link":"https:\/\/www.hirtenberg-apotheke.at\/katalog\/produkt\/trikotschlauchverband-lohmann-rauscher-1-stk-4-m-x-10-cm\/","title":{"rendered":"Trikotschlauchverband Lohmann &#038; Rauscher 1 Stk. 4 m x 10 cm"},"content":{"rendered":"<p>Trikotschlauchverband Lohmann &#038; Rauscher ist ein anschmiegsamer und hautvertr\u00e4glicher Unterzug f\u00fcr Gips- und Cast-Steifverb\u00e4nde. Der aus Baumwollgarnen nahtlos gestrickte Schlauch ist insbesondere in der Breite trikotelastisch und sorgt damit f\u00fcr eine Anpassung und ein angenehmes Tragegef\u00fchl.<\/p>\n","protected":false},"excerpt":{"rendered":"<p>Trikotschlauchverband Lohmann &#038; Rauscher ist ein anschmiegsamer und hautvertr\u00e4glicher Unterzug f\u00fcr Gips- und Cast-Steifverb\u00e4nde. Der aus Baumwollgarnen nahtlos gestrickte Schlauch ist insbesondere in der Breite trikotelastisch und sorgt damit f\u00fcr eine Anpassung und ein angenehmes Tragegef\u00fchl.<\/p>\n","protected":false},"featured_media":0,"template":"","meta":{"_acf_changed":false},"product_brand":[],"product_cat":[319],"product_tag":[],"class_list":{"0":"post-33830","1":"product","2":"type-product","3":"status-publish","5":"product_cat-t","6":"pa_packungsgroesse-1-stueck","8":"first","9":"instock","10":"shipping-taxable","11":"purchasable","12":"product-type-simple"},"acf":[],"_links":{"self":[{"href":"https:\/\/www.hirtenberg-apotheke.at\/katalog\/wp-json\/wp\/v2\/product\/33830","targetHints":{"allow":["GET"]}}],"collection":[{"href":"https:\/\/www.hirtenberg-apotheke.at\/katalog\/wp-json\/wp\/v2\/product"}],"about":[{"href":"https:\/\/www.hirtenberg-apotheke.at\/katalog\/wp-json\/wp\/v2\/types\/product"}],"wp:attachment":[{"href":"https:\/\/www.hirtenberg-apotheke.at\/katalog\/wp-json\/wp\/v2\/media?parent=33830"}],"wp:term":[{"taxonomy":"product_brand","embeddable":true,"href":"https:\/\/www.hirtenberg-apotheke.at\/katalog\/wp-json\/wp\/v2\/product_brand?post=33830"},{"taxonomy":"product_cat","embeddable":true,"href":"https:\/\/www.hirtenberg-apotheke.at\/katalog\/wp-json\/wp\/v2\/product_cat?post=33830"},{"taxonomy":"product_tag","embeddable":true,"href":"https:\/\/www.hirtenberg-apotheke.at\/katalog\/wp-json\/wp\/v2\/product_tag?post=33830"}],"curies":[{"name":"wp","href":"https:\/\/api.w.org\/{rel}","templated":true}]}}