{"id":33909,"date":"2025-11-25T22:44:15","date_gmt":"2025-11-25T21:44:15","guid":{"rendered":"https:\/\/www.hirtenberg-apotheke.at\/katalog\/produkt\/leukopor-92-m-x-25-cm-12-stk\/"},"modified":"2025-11-25T22:44:19","modified_gmt":"2025-11-25T21:44:19","slug":"leukopor-92-m-x-25-cm-12-stk","status":"publish","type":"product","link":"https:\/\/www.hirtenberg-apotheke.at\/katalog\/produkt\/leukopor-92-m-x-25-cm-12-stk\/","title":{"rendered":"Leukopor 9,2 m x 2,5 cm 12 Stk."},"content":{"rendered":"<p>Leukopor ist ein strahlenindifferentes, leicht von Hand rei\u00dfbares, wei\u00dfes Fixierpflaster, das auf Grund seiner Hautfreundlichkeit f\u00fcr extrem empfindliche Haut geeignet ist. Es passt sich auch konturierten K\u00f6rperpartien gut an. Leukopor ist wasserabweisend und verf\u00fcgt \u00fcber eine gute Sofort- und Dauerklebkraft. Es ist zudem auch luft- und wasserdampfdurchl\u00e4ssig.<\/p>\n","protected":false},"excerpt":{"rendered":"<p>Leukopor ist ein strahlenindifferentes, leicht von Hand rei\u00dfbares, wei\u00dfes Fixierpflaster, das auf Grund seiner Hautfreundlichkeit f\u00fcr extrem empfindliche Haut geeignet ist. Es passt sich auch konturierten K\u00f6rperpartien gut an. Leukopor ist wasserabweisend und verf\u00fcgt \u00fcber eine gute Sofort- und Dauerklebkraft. Es ist zudem auch luft- und wasserdampfdurchl\u00e4ssig.<\/p>\n","protected":false},"featured_media":0,"template":"","meta":{"_acf_changed":false},"product_brand":[],"product_cat":[317],"product_tag":[],"class_list":{"0":"post-33909","1":"product","2":"type-product","3":"status-publish","5":"product_cat-l","6":"pa_packungsgroesse-12-stueck","8":"first","9":"instock","10":"shipping-taxable","11":"purchasable","12":"product-type-simple"},"acf":[],"_links":{"self":[{"href":"https:\/\/www.hirtenberg-apotheke.at\/katalog\/wp-json\/wp\/v2\/product\/33909","targetHints":{"allow":["GET"]}}],"collection":[{"href":"https:\/\/www.hirtenberg-apotheke.at\/katalog\/wp-json\/wp\/v2\/product"}],"about":[{"href":"https:\/\/www.hirtenberg-apotheke.at\/katalog\/wp-json\/wp\/v2\/types\/product"}],"wp:attachment":[{"href":"https:\/\/www.hirtenberg-apotheke.at\/katalog\/wp-json\/wp\/v2\/media?parent=33909"}],"wp:term":[{"taxonomy":"product_brand","embeddable":true,"href":"https:\/\/www.hirtenberg-apotheke.at\/katalog\/wp-json\/wp\/v2\/product_brand?post=33909"},{"taxonomy":"product_cat","embeddable":true,"href":"https:\/\/www.hirtenberg-apotheke.at\/katalog\/wp-json\/wp\/v2\/product_cat?post=33909"},{"taxonomy":"product_tag","embeddable":true,"href":"https:\/\/www.hirtenberg-apotheke.at\/katalog\/wp-json\/wp\/v2\/product_tag?post=33909"}],"curies":[{"name":"wp","href":"https:\/\/api.w.org\/{rel}","templated":true}]}}