{"id":33971,"date":"2025-11-25T22:45:23","date_gmt":"2025-11-25T21:45:23","guid":{"rendered":"https:\/\/www.hirtenberg-apotheke.at\/katalog\/produkt\/ibumetin-forte-400-mg-filmtabletten-2\/"},"modified":"2025-11-25T22:45:36","modified_gmt":"2025-11-25T21:45:36","slug":"ibumetin-forte-400-mg-filmtabletten-2","status":"publish","type":"product","link":"https:\/\/www.hirtenberg-apotheke.at\/katalog\/produkt\/ibumetin-forte-400-mg-filmtabletten-2\/","title":{"rendered":"Ibumetin forte 400 mg Filmtabletten"},"content":{"rendered":"<p>Eine Ibumetin forte 400 mg &#8211; Filmtablette enth\u00e4lt als Wirkstoff 400 mg Ibuprofen und wird angewendet zur Linderung von leichten bis m\u00e4\u00dfig starken Schmerzen (wie z.B. Kopfschmerzen, Zahnschmerzen und Regelschmerzen) sowie zur Linderung von Schmerzen und Fieber bei Erk\u00e4ltungen.<\/p>\n","protected":false},"excerpt":{"rendered":"<p>Eine Ibumetin forte 400 mg &#8211; Filmtablette enth\u00e4lt als Wirkstoff 400 mg Ibuprofen und wird angewendet zur Linderung von leichten bis m\u00e4\u00dfig starken Schmerzen (wie z.B. Kopfschmerzen, Zahnschmerzen und Regelschmerzen) sowie zur Linderung von Schmerzen und Fieber bei Erk\u00e4ltungen.<\/p>\n","protected":false},"featured_media":33973,"template":"","meta":{"_acf_changed":false},"product_brand":[983],"product_cat":[370],"product_tag":[],"class_list":{"0":"post-33971","1":"product","2":"type-product","3":"status-publish","4":"has-post-thumbnail","6":"product_brand-ibumetin","7":"product_cat-i","8":"pa_packungsgroesse-40-stueck","10":"first","11":"instock","12":"shipping-taxable","13":"purchasable","14":"product-type-simple"},"acf":[],"_links":{"self":[{"href":"https:\/\/www.hirtenberg-apotheke.at\/katalog\/wp-json\/wp\/v2\/product\/33971","targetHints":{"allow":["GET"]}}],"collection":[{"href":"https:\/\/www.hirtenberg-apotheke.at\/katalog\/wp-json\/wp\/v2\/product"}],"about":[{"href":"https:\/\/www.hirtenberg-apotheke.at\/katalog\/wp-json\/wp\/v2\/types\/product"}],"wp:featuredmedia":[{"embeddable":true,"href":"https:\/\/www.hirtenberg-apotheke.at\/katalog\/wp-json\/wp\/v2\/media\/33973"}],"wp:attachment":[{"href":"https:\/\/www.hirtenberg-apotheke.at\/katalog\/wp-json\/wp\/v2\/media?parent=33971"}],"wp:term":[{"taxonomy":"product_brand","embeddable":true,"href":"https:\/\/www.hirtenberg-apotheke.at\/katalog\/wp-json\/wp\/v2\/product_brand?post=33971"},{"taxonomy":"product_cat","embeddable":true,"href":"https:\/\/www.hirtenberg-apotheke.at\/katalog\/wp-json\/wp\/v2\/product_cat?post=33971"},{"taxonomy":"product_tag","embeddable":true,"href":"https:\/\/www.hirtenberg-apotheke.at\/katalog\/wp-json\/wp\/v2\/product_tag?post=33971"}],"curies":[{"name":"wp","href":"https:\/\/api.w.org\/{rel}","templated":true}]}}