{"id":34013,"date":"2025-11-25T22:46:19","date_gmt":"2025-11-25T21:46:19","guid":{"rendered":"https:\/\/www.hirtenberg-apotheke.at\/katalog\/produkt\/coffekapton-100-mg-tabletten\/"},"modified":"2025-11-25T22:46:22","modified_gmt":"2025-11-25T21:46:22","slug":"coffekapton-100-mg-tabletten","status":"publish","type":"product","link":"https:\/\/www.hirtenberg-apotheke.at\/katalog\/produkt\/coffekapton-100-mg-tabletten\/","title":{"rendered":"Coffekapton 100 mg &#8211; Tabletten"},"content":{"rendered":"<p>COFFEKAPTON wird zur Anregung und Leistungssteigerung bei geistigen und k\u00f6rperlichen Erm\u00fcdungserscheinungen verwendet. Es wirkt schmerzstillend bei spezifischen Kopfschmerzen, z. B. bei Migr\u00e4ne, F\u00f6hnempfindlichkeit oder bei Beschwerden nach \u00fcberm\u00e4\u00dfigem Alkoholkonsum.<\/p>\n","protected":false},"excerpt":{"rendered":"<p>COFFEKAPTON wird zur Anregung und Leistungssteigerung bei geistigen und k\u00f6rperlichen Erm\u00fcdungserscheinungen verwendet. Es wirkt schmerzstillend bei spezifischen Kopfschmerzen, z. B. bei Migr\u00e4ne, F\u00f6hnempfindlichkeit oder bei Beschwerden nach \u00fcberm\u00e4\u00dfigem Alkoholkonsum.<\/p>\n","protected":false},"featured_media":0,"template":"","meta":{"_acf_changed":false},"product_brand":[],"product_cat":[337],"product_tag":[],"class_list":{"0":"post-34013","1":"product","2":"type-product","3":"status-publish","5":"product_cat-c","6":"pa_packungsgroesse-40-stueck","8":"first","9":"instock","10":"shipping-taxable","11":"purchasable","12":"product-type-simple"},"acf":[],"_links":{"self":[{"href":"https:\/\/www.hirtenberg-apotheke.at\/katalog\/wp-json\/wp\/v2\/product\/34013","targetHints":{"allow":["GET"]}}],"collection":[{"href":"https:\/\/www.hirtenberg-apotheke.at\/katalog\/wp-json\/wp\/v2\/product"}],"about":[{"href":"https:\/\/www.hirtenberg-apotheke.at\/katalog\/wp-json\/wp\/v2\/types\/product"}],"wp:attachment":[{"href":"https:\/\/www.hirtenberg-apotheke.at\/katalog\/wp-json\/wp\/v2\/media?parent=34013"}],"wp:term":[{"taxonomy":"product_brand","embeddable":true,"href":"https:\/\/www.hirtenberg-apotheke.at\/katalog\/wp-json\/wp\/v2\/product_brand?post=34013"},{"taxonomy":"product_cat","embeddable":true,"href":"https:\/\/www.hirtenberg-apotheke.at\/katalog\/wp-json\/wp\/v2\/product_cat?post=34013"},{"taxonomy":"product_tag","embeddable":true,"href":"https:\/\/www.hirtenberg-apotheke.at\/katalog\/wp-json\/wp\/v2\/product_tag?post=34013"}],"curies":[{"name":"wp","href":"https:\/\/api.w.org\/{rel}","templated":true}]}}