{"id":34019,"date":"2025-11-25T22:46:27","date_gmt":"2025-11-25T21:46:27","guid":{"rendered":"https:\/\/www.hirtenberg-apotheke.at\/katalog\/produkt\/nurofen-200-mg-dragees-24-stk\/"},"modified":"2025-11-25T22:46:29","modified_gmt":"2025-11-25T21:46:29","slug":"nurofen-200-mg-dragees-24-stk","status":"publish","type":"product","link":"https:\/\/www.hirtenberg-apotheke.at\/katalog\/produkt\/nurofen-200-mg-dragees-24-stk\/","title":{"rendered":"Nurofen 200 mg Dragees 24 Stk."},"content":{"rendered":"<p>Der in Nurofen\u00ae Dragees enthaltene Wirkstoff Ibuprofen hat eine ausgepr\u00e4gte schmerzstillende, entz\u00fcndungshemmende und fiebersenkende Wirkung. Das Arzneimittel wird angewendet bei Schmerzzust\u00e4nden (z.B. R\u00fcckenschmerzen, Zahnschmerzen, Muskelschmerzen, Gelenksschmerzen, Menstruationsbeschwerden, Nervenschmerzen), zur Behandlung der akuten Kopfschmerzphase bei Migr\u00e4ne mit und ohne Aura und zur Behandlung von Spannungskopfschmerzen sowie bei Schmerzen bei Erk\u00e4ltungskrankheiten und grippalen Infekten.<\/p>\n","protected":false},"excerpt":{"rendered":"<p>Der in Nurofen\u00ae Dragees enthaltene Wirkstoff Ibuprofen hat eine ausgepr\u00e4gte schmerzstillende, entz\u00fcndungshemmende und fiebersenkende Wirkung. Das Arzneimittel wird angewendet bei Schmerzzust\u00e4nden (z.B. R\u00fcckenschmerzen, Zahnschmerzen, Muskelschmerzen, Gelenksschmerzen, Menstruationsbeschwerden, Nervenschmerzen), zur Behandlung der akuten Kopfschmerzphase bei Migr\u00e4ne mit und ohne Aura und zur Behandlung von Spannungskopfschmerzen sowie bei Schmerzen bei Erk\u00e4ltungskrankheiten und grippalen Infekten.<\/p>\n","protected":false},"featured_media":0,"template":"","meta":{"_acf_changed":false},"product_brand":[432],"product_cat":[310],"product_tag":[],"class_list":{"0":"post-34019","1":"product","2":"type-product","3":"status-publish","5":"product_brand-nurofen","6":"product_cat-n","7":"pa_packungsgroesse-24-stueck","9":"first","10":"instock","11":"shipping-taxable","12":"purchasable","13":"product-type-simple"},"acf":[],"_links":{"self":[{"href":"https:\/\/www.hirtenberg-apotheke.at\/katalog\/wp-json\/wp\/v2\/product\/34019","targetHints":{"allow":["GET"]}}],"collection":[{"href":"https:\/\/www.hirtenberg-apotheke.at\/katalog\/wp-json\/wp\/v2\/product"}],"about":[{"href":"https:\/\/www.hirtenberg-apotheke.at\/katalog\/wp-json\/wp\/v2\/types\/product"}],"wp:attachment":[{"href":"https:\/\/www.hirtenberg-apotheke.at\/katalog\/wp-json\/wp\/v2\/media?parent=34019"}],"wp:term":[{"taxonomy":"product_brand","embeddable":true,"href":"https:\/\/www.hirtenberg-apotheke.at\/katalog\/wp-json\/wp\/v2\/product_brand?post=34019"},{"taxonomy":"product_cat","embeddable":true,"href":"https:\/\/www.hirtenberg-apotheke.at\/katalog\/wp-json\/wp\/v2\/product_cat?post=34019"},{"taxonomy":"product_tag","embeddable":true,"href":"https:\/\/www.hirtenberg-apotheke.at\/katalog\/wp-json\/wp\/v2\/product_tag?post=34019"}],"curies":[{"name":"wp","href":"https:\/\/api.w.org\/{rel}","templated":true}]}}