{"id":34021,"date":"2025-11-25T22:46:27","date_gmt":"2025-11-25T21:46:27","guid":{"rendered":"https:\/\/www.hirtenberg-apotheke.at\/katalog\/produkt\/dismenol-ibuprofen-200-mg-filmtabletten-20-stk\/"},"modified":"2025-11-25T22:46:30","modified_gmt":"2025-11-25T21:46:30","slug":"dismenol-ibuprofen-200-mg-filmtabletten-20-stk","status":"publish","type":"product","link":"https:\/\/www.hirtenberg-apotheke.at\/katalog\/produkt\/dismenol-ibuprofen-200-mg-filmtabletten-20-stk\/","title":{"rendered":"Dismenol Ibuprofen 200 mg Filmtabletten 20 Stk."},"content":{"rendered":"<p>Dismenol Ibuprofen wird bei leichten bis m\u00e4\u00dfig starken Schmerzzust\u00e4nden angewendet. Der Wirkstoff Ibuprofen ist schmerzstillend, entz\u00fcndungs\u00adhemmend und fiebersenkend.<\/p>\n","protected":false},"excerpt":{"rendered":"<p>Dismenol Ibuprofen wird bei leichten bis m\u00e4\u00dfig starken Schmerzzust\u00e4nden angewendet. Der Wirkstoff Ibuprofen ist schmerzstillend, entz\u00fcndungs\u00adhemmend und fiebersenkend.<\/p>\n","protected":false},"featured_media":0,"template":"","meta":{"_acf_changed":false},"product_brand":[],"product_cat":[295],"product_tag":[],"class_list":{"0":"post-34021","1":"product","2":"type-product","3":"status-publish","5":"product_cat-d","6":"pa_packungsgroesse-20-stueck","8":"first","9":"instock","10":"shipping-taxable","11":"purchasable","12":"product-type-simple"},"acf":[],"_links":{"self":[{"href":"https:\/\/www.hirtenberg-apotheke.at\/katalog\/wp-json\/wp\/v2\/product\/34021","targetHints":{"allow":["GET"]}}],"collection":[{"href":"https:\/\/www.hirtenberg-apotheke.at\/katalog\/wp-json\/wp\/v2\/product"}],"about":[{"href":"https:\/\/www.hirtenberg-apotheke.at\/katalog\/wp-json\/wp\/v2\/types\/product"}],"wp:attachment":[{"href":"https:\/\/www.hirtenberg-apotheke.at\/katalog\/wp-json\/wp\/v2\/media?parent=34021"}],"wp:term":[{"taxonomy":"product_brand","embeddable":true,"href":"https:\/\/www.hirtenberg-apotheke.at\/katalog\/wp-json\/wp\/v2\/product_brand?post=34021"},{"taxonomy":"product_cat","embeddable":true,"href":"https:\/\/www.hirtenberg-apotheke.at\/katalog\/wp-json\/wp\/v2\/product_cat?post=34021"},{"taxonomy":"product_tag","embeddable":true,"href":"https:\/\/www.hirtenberg-apotheke.at\/katalog\/wp-json\/wp\/v2\/product_tag?post=34021"}],"curies":[{"name":"wp","href":"https:\/\/api.w.org\/{rel}","templated":true}]}}