{"id":34036,"date":"2025-11-25T22:47:54","date_gmt":"2025-11-25T21:47:54","guid":{"rendered":"https:\/\/www.hirtenberg-apotheke.at\/katalog\/produkt\/eu-med-200mg-schmerztabletten\/"},"modified":"2025-11-25T22:48:19","modified_gmt":"2025-11-25T21:48:19","slug":"eu-med-200mg-schmerztabletten","status":"publish","type":"product","link":"https:\/\/www.hirtenberg-apotheke.at\/katalog\/produkt\/eu-med-200mg-schmerztabletten\/","title":{"rendered":"Eu-Med\u00ae 200mg Schmerztabletten"},"content":{"rendered":"<p>Eu-Med Schmerztabletten wirken schmerz- und entz\u00fcndungshemmend sowie fiebersenkend. Sie werden zur Behandlung von akuten Schmerzzust\u00e4nden, wie beispielsweise Zahnschmerzen, sowie von Fieber bei Erk\u00e4ltungskrankheiten eingesetzt.<\/p>\n","protected":false},"excerpt":{"rendered":"<p>Eu-Med Schmerztabletten wirken schmerz- und entz\u00fcndungshemmend sowie fiebersenkend. Sie werden zur Behandlung von akuten Schmerzzust\u00e4nden, wie beispielsweise Zahnschmerzen, sowie von Fieber bei Erk\u00e4ltungskrankheiten eingesetzt.<\/p>\n","protected":false},"featured_media":34038,"template":"","meta":{"_acf_changed":false},"product_brand":[],"product_cat":[307],"product_tag":[],"class_list":{"0":"post-34036","1":"product","2":"type-product","3":"status-publish","4":"has-post-thumbnail","6":"product_cat-e","7":"pa_packungsgroesse-30-stueck","8":"pa_packungsgroesse-50-stueck","9":"pa_packungsgroesse-10-stueck","11":"first","12":"instock","13":"shipping-taxable","14":"purchasable","15":"product-type-variable"},"acf":[],"_links":{"self":[{"href":"https:\/\/www.hirtenberg-apotheke.at\/katalog\/wp-json\/wp\/v2\/product\/34036","targetHints":{"allow":["GET"]}}],"collection":[{"href":"https:\/\/www.hirtenberg-apotheke.at\/katalog\/wp-json\/wp\/v2\/product"}],"about":[{"href":"https:\/\/www.hirtenberg-apotheke.at\/katalog\/wp-json\/wp\/v2\/types\/product"}],"wp:featuredmedia":[{"embeddable":true,"href":"https:\/\/www.hirtenberg-apotheke.at\/katalog\/wp-json\/wp\/v2\/media\/34038"}],"wp:attachment":[{"href":"https:\/\/www.hirtenberg-apotheke.at\/katalog\/wp-json\/wp\/v2\/media?parent=34036"}],"wp:term":[{"taxonomy":"product_brand","embeddable":true,"href":"https:\/\/www.hirtenberg-apotheke.at\/katalog\/wp-json\/wp\/v2\/product_brand?post=34036"},{"taxonomy":"product_cat","embeddable":true,"href":"https:\/\/www.hirtenberg-apotheke.at\/katalog\/wp-json\/wp\/v2\/product_cat?post=34036"},{"taxonomy":"product_tag","embeddable":true,"href":"https:\/\/www.hirtenberg-apotheke.at\/katalog\/wp-json\/wp\/v2\/product_tag?post=34036"}],"curies":[{"name":"wp","href":"https:\/\/api.w.org\/{rel}","templated":true}]}}