{"id":34056,"date":"2025-11-25T22:48:20","date_gmt":"2025-11-25T21:48:20","guid":{"rendered":"https:\/\/www.hirtenberg-apotheke.at\/katalog\/produkt\/migravent-kapseln-90-stk\/"},"modified":"2025-11-25T22:48:31","modified_gmt":"2025-11-25T21:48:31","slug":"migravent-kapseln-90-stk","status":"publish","type":"product","link":"https:\/\/www.hirtenberg-apotheke.at\/katalog\/produkt\/migravent-kapseln-90-stk\/","title":{"rendered":"Migravent Kapseln 90 Stk."},"content":{"rendered":"<p>Migravent Kapseln ist ein Nahrungserg\u00e4nzungsmittel zum Di\u00e4tmanagement bei Migr\u00e4ne. Die Kapseln enthalten hochdosiert Coenzym Q10, Magnesium und Riboflavin (Vitamin B2), sind sehr gut vertr\u00e4glich und mit jeder Akuttherapie kombinierbar..<\/p>\n","protected":false},"excerpt":{"rendered":"<p>Migravent Kapseln ist ein Nahrungserg\u00e4nzungsmittel zum Di\u00e4tmanagement bei Migr\u00e4ne. Die Kapseln enthalten hochdosiert Coenzym Q10, Magnesium und Riboflavin (Vitamin B2), sind sehr gut vertr\u00e4glich und mit jeder Akuttherapie kombinierbar..<\/p>\n","protected":false},"featured_media":34058,"template":"","meta":{"_acf_changed":false},"product_brand":[],"product_cat":[308],"product_tag":[],"class_list":{"0":"post-34056","1":"product","2":"type-product","3":"status-publish","4":"has-post-thumbnail","6":"product_cat-m","7":"pa_packungsgroesse-90-stueck","9":"first","10":"instock","11":"shipping-taxable","12":"purchasable","13":"product-type-simple"},"acf":[],"_links":{"self":[{"href":"https:\/\/www.hirtenberg-apotheke.at\/katalog\/wp-json\/wp\/v2\/product\/34056","targetHints":{"allow":["GET"]}}],"collection":[{"href":"https:\/\/www.hirtenberg-apotheke.at\/katalog\/wp-json\/wp\/v2\/product"}],"about":[{"href":"https:\/\/www.hirtenberg-apotheke.at\/katalog\/wp-json\/wp\/v2\/types\/product"}],"wp:featuredmedia":[{"embeddable":true,"href":"https:\/\/www.hirtenberg-apotheke.at\/katalog\/wp-json\/wp\/v2\/media\/34058"}],"wp:attachment":[{"href":"https:\/\/www.hirtenberg-apotheke.at\/katalog\/wp-json\/wp\/v2\/media?parent=34056"}],"wp:term":[{"taxonomy":"product_brand","embeddable":true,"href":"https:\/\/www.hirtenberg-apotheke.at\/katalog\/wp-json\/wp\/v2\/product_brand?post=34056"},{"taxonomy":"product_cat","embeddable":true,"href":"https:\/\/www.hirtenberg-apotheke.at\/katalog\/wp-json\/wp\/v2\/product_cat?post=34056"},{"taxonomy":"product_tag","embeddable":true,"href":"https:\/\/www.hirtenberg-apotheke.at\/katalog\/wp-json\/wp\/v2\/product_tag?post=34056"}],"curies":[{"name":"wp","href":"https:\/\/api.w.org\/{rel}","templated":true}]}}