{"id":34132,"date":"2025-11-25T22:49:29","date_gmt":"2025-11-25T21:49:29","guid":{"rendered":"https:\/\/www.hirtenberg-apotheke.at\/katalog\/produkt\/dolobene-ratiopharm-gel\/"},"modified":"2025-11-25T22:50:29","modified_gmt":"2025-11-25T21:50:29","slug":"dolobene-ratiopharm-gel","status":"publish","type":"product","link":"https:\/\/www.hirtenberg-apotheke.at\/katalog\/produkt\/dolobene-ratiopharm-gel\/","title":{"rendered":"Dolobene ratiopharm Gel"},"content":{"rendered":"<p>Dolobene ratiopharm Gel eignet sich besonders zur Behandlung von Bluterg\u00fcssen, Schwellungen und Entz\u00fcndungen im Bereich der Muskeln, B\u00e4nder, Sehnen und Gelenke. Das Gel wirkt entz\u00fcndungshemmend, gerinnungshemmend und schmerzstillend.<\/p>\n","protected":false},"excerpt":{"rendered":"<p>Dolobene ratiopharm Gel eignet sich besonders zur Behandlung von Bluterg\u00fcssen, Schwellungen und Entz\u00fcndungen im Bereich der Muskeln, B\u00e4nder, Sehnen und Gelenke. Das Gel wirkt entz\u00fcndungshemmend, gerinnungshemmend und schmerzstillend.<\/p>\n","protected":false},"featured_media":0,"template":"","meta":{"_acf_changed":false},"product_brand":[339],"product_cat":[295],"product_tag":[],"class_list":{"0":"post-34132","1":"product","2":"type-product","3":"status-publish","5":"product_brand-ratiopharm","6":"product_cat-d","7":"pa_packungsgroesse-100g","8":"pa_packungsgroesse-50g","10":"first","11":"instock","12":"shipping-taxable","13":"purchasable","14":"product-type-simple"},"acf":[],"_links":{"self":[{"href":"https:\/\/www.hirtenberg-apotheke.at\/katalog\/wp-json\/wp\/v2\/product\/34132","targetHints":{"allow":["GET"]}}],"collection":[{"href":"https:\/\/www.hirtenberg-apotheke.at\/katalog\/wp-json\/wp\/v2\/product"}],"about":[{"href":"https:\/\/www.hirtenberg-apotheke.at\/katalog\/wp-json\/wp\/v2\/types\/product"}],"wp:attachment":[{"href":"https:\/\/www.hirtenberg-apotheke.at\/katalog\/wp-json\/wp\/v2\/media?parent=34132"}],"wp:term":[{"taxonomy":"product_brand","embeddable":true,"href":"https:\/\/www.hirtenberg-apotheke.at\/katalog\/wp-json\/wp\/v2\/product_brand?post=34132"},{"taxonomy":"product_cat","embeddable":true,"href":"https:\/\/www.hirtenberg-apotheke.at\/katalog\/wp-json\/wp\/v2\/product_cat?post=34132"},{"taxonomy":"product_tag","embeddable":true,"href":"https:\/\/www.hirtenberg-apotheke.at\/katalog\/wp-json\/wp\/v2\/product_tag?post=34132"}],"curies":[{"name":"wp","href":"https:\/\/api.w.org\/{rel}","templated":true}]}}