{"id":34175,"date":"2025-11-25T22:50:18","date_gmt":"2025-11-25T21:50:18","guid":{"rendered":"https:\/\/www.hirtenberg-apotheke.at\/katalog\/produkt\/rubriment-emulsion-60-ml\/"},"modified":"2025-11-25T22:50:39","modified_gmt":"2025-11-25T21:50:39","slug":"rubriment-emulsion-60-ml","status":"publish","type":"product","link":"https:\/\/www.hirtenberg-apotheke.at\/katalog\/produkt\/rubriment-emulsion-60-ml\/","title":{"rendered":"Rubriment Emulsion 60 ml"},"content":{"rendered":"<p>Rubriment Emulsion ist ein durchblutungsf\u00f6rderndes Schmerzmittel zum Einreiben. Die Kombination der Wirkstoffe lindert rasch Schmerzen, hilft Muskelkr\u00e4mpfe zu l\u00f6sen und beschleunigt die Heilung durch die Anregung des Gewebestoffwechsels.<\/p>\n","protected":false},"excerpt":{"rendered":"<p>Rubriment Emulsion ist ein durchblutungsf\u00f6rderndes Schmerzmittel zum Einreiben. Die Kombination der Wirkstoffe lindert rasch Schmerzen, hilft Muskelkr\u00e4mpfe zu l\u00f6sen und beschleunigt die Heilung durch die Anregung des Gewebestoffwechsels.<\/p>\n","protected":false},"featured_media":34177,"template":"","meta":{"_acf_changed":false},"product_brand":[],"product_cat":[311],"product_tag":[],"class_list":{"0":"post-34175","1":"product","2":"type-product","3":"status-publish","4":"has-post-thumbnail","6":"product_cat-r","7":"pa_packungsgroesse-60ml","9":"first","10":"instock","11":"shipping-taxable","12":"purchasable","13":"product-type-simple"},"acf":[],"_links":{"self":[{"href":"https:\/\/www.hirtenberg-apotheke.at\/katalog\/wp-json\/wp\/v2\/product\/34175","targetHints":{"allow":["GET"]}}],"collection":[{"href":"https:\/\/www.hirtenberg-apotheke.at\/katalog\/wp-json\/wp\/v2\/product"}],"about":[{"href":"https:\/\/www.hirtenberg-apotheke.at\/katalog\/wp-json\/wp\/v2\/types\/product"}],"wp:featuredmedia":[{"embeddable":true,"href":"https:\/\/www.hirtenberg-apotheke.at\/katalog\/wp-json\/wp\/v2\/media\/34177"}],"wp:attachment":[{"href":"https:\/\/www.hirtenberg-apotheke.at\/katalog\/wp-json\/wp\/v2\/media?parent=34175"}],"wp:term":[{"taxonomy":"product_brand","embeddable":true,"href":"https:\/\/www.hirtenberg-apotheke.at\/katalog\/wp-json\/wp\/v2\/product_brand?post=34175"},{"taxonomy":"product_cat","embeddable":true,"href":"https:\/\/www.hirtenberg-apotheke.at\/katalog\/wp-json\/wp\/v2\/product_cat?post=34175"},{"taxonomy":"product_tag","embeddable":true,"href":"https:\/\/www.hirtenberg-apotheke.at\/katalog\/wp-json\/wp\/v2\/product_tag?post=34175"}],"curies":[{"name":"wp","href":"https:\/\/api.w.org\/{rel}","templated":true}]}}