{"id":34214,"date":"2025-11-25T22:50:18","date_gmt":"2025-11-25T21:50:18","guid":{"rendered":"https:\/\/www.hirtenberg-apotheke.at\/katalog\/produkt\/finalgon-salbe-20-g\/"},"modified":"2025-11-25T22:51:17","modified_gmt":"2025-11-25T21:51:17","slug":"finalgon-salbe-20-g","status":"publish","type":"product","link":"https:\/\/www.hirtenberg-apotheke.at\/katalog\/produkt\/finalgon-salbe-20-g\/","title":{"rendered":"Finalgon Salbe 20 g"},"content":{"rendered":"<p>Finalgon Salbe ruft ein nachhaltig wohltuendes W\u00e4rmegef\u00fchl hervor und schafft schnelle Besserung bei Rheuma, Prellungen und Zerrungen. Auch bei durch \u00dcberanstrengung verursachter Muskelbeschwerden kann die Salbe Abhilfe schaffen.<\/p>\n","protected":false},"excerpt":{"rendered":"<p>Finalgon Salbe ruft ein nachhaltig wohltuendes W\u00e4rmegef\u00fchl hervor und schafft schnelle Besserung bei Rheuma, Prellungen und Zerrungen. Auch bei durch \u00dcberanstrengung verursachter Muskelbeschwerden kann die Salbe Abhilfe schaffen.<\/p>\n","protected":false},"featured_media":34216,"template":"","meta":{"_acf_changed":false},"product_brand":[],"product_cat":[322],"product_tag":[],"class_list":{"0":"post-34214","1":"product","2":"type-product","3":"status-publish","4":"has-post-thumbnail","6":"product_cat-f","7":"pa_packungsgroesse-20g","9":"first","10":"instock","11":"shipping-taxable","12":"purchasable","13":"product-type-simple"},"acf":[],"_links":{"self":[{"href":"https:\/\/www.hirtenberg-apotheke.at\/katalog\/wp-json\/wp\/v2\/product\/34214","targetHints":{"allow":["GET"]}}],"collection":[{"href":"https:\/\/www.hirtenberg-apotheke.at\/katalog\/wp-json\/wp\/v2\/product"}],"about":[{"href":"https:\/\/www.hirtenberg-apotheke.at\/katalog\/wp-json\/wp\/v2\/types\/product"}],"wp:featuredmedia":[{"embeddable":true,"href":"https:\/\/www.hirtenberg-apotheke.at\/katalog\/wp-json\/wp\/v2\/media\/34216"}],"wp:attachment":[{"href":"https:\/\/www.hirtenberg-apotheke.at\/katalog\/wp-json\/wp\/v2\/media?parent=34214"}],"wp:term":[{"taxonomy":"product_brand","embeddable":true,"href":"https:\/\/www.hirtenberg-apotheke.at\/katalog\/wp-json\/wp\/v2\/product_brand?post=34214"},{"taxonomy":"product_cat","embeddable":true,"href":"https:\/\/www.hirtenberg-apotheke.at\/katalog\/wp-json\/wp\/v2\/product_cat?post=34214"},{"taxonomy":"product_tag","embeddable":true,"href":"https:\/\/www.hirtenberg-apotheke.at\/katalog\/wp-json\/wp\/v2\/product_tag?post=34214"}],"curies":[{"name":"wp","href":"https:\/\/api.w.org\/{rel}","templated":true}]}}