{"id":34248,"date":"2025-11-25T22:51:16","date_gmt":"2025-11-25T21:51:16","guid":{"rendered":"https:\/\/www.hirtenberg-apotheke.at\/katalog\/produkt\/rosacta-creme-90-g\/"},"modified":"2025-11-25T22:52:05","modified_gmt":"2025-11-25T21:52:05","slug":"rosacta-creme-90-g","status":"publish","type":"product","link":"https:\/\/www.hirtenberg-apotheke.at\/katalog\/produkt\/rosacta-creme-90-g\/","title":{"rendered":"Rosacta Creme 90 g"},"content":{"rendered":"<p>Rosacta enth\u00e4lt Rosmarin\u00f6l und ist ein traditionelles pflanzliches Arzneimittel zur Anwendung bei Erwachsenen zur Linderung geringer Muskel- oder Gelenkschmerzen und geringer peripherer Durchblutungsst\u00f6rungen (mit Anzeichen wie beispielsweise kalte F\u00fc\u00dfe)<\/p>\n","protected":false},"excerpt":{"rendered":"<p>Rosacta enth\u00e4lt Rosmarin\u00f6l und ist ein traditionelles pflanzliches Arzneimittel zur Anwendung bei Erwachsenen zur Linderung geringer Muskel- oder Gelenkschmerzen und geringer peripherer Durchblutungsst\u00f6rungen (mit Anzeichen wie beispielsweise kalte F\u00fc\u00dfe)<\/p>\n","protected":false},"featured_media":34250,"template":"","meta":{"_acf_changed":false},"product_brand":[],"product_cat":[311],"product_tag":[],"class_list":{"0":"post-34248","1":"product","2":"type-product","3":"status-publish","4":"has-post-thumbnail","6":"product_cat-r","7":"pa_packungsgroesse-90g","9":"first","10":"instock","11":"shipping-taxable","12":"purchasable","13":"product-type-simple"},"acf":[],"_links":{"self":[{"href":"https:\/\/www.hirtenberg-apotheke.at\/katalog\/wp-json\/wp\/v2\/product\/34248","targetHints":{"allow":["GET"]}}],"collection":[{"href":"https:\/\/www.hirtenberg-apotheke.at\/katalog\/wp-json\/wp\/v2\/product"}],"about":[{"href":"https:\/\/www.hirtenberg-apotheke.at\/katalog\/wp-json\/wp\/v2\/types\/product"}],"wp:featuredmedia":[{"embeddable":true,"href":"https:\/\/www.hirtenberg-apotheke.at\/katalog\/wp-json\/wp\/v2\/media\/34250"}],"wp:attachment":[{"href":"https:\/\/www.hirtenberg-apotheke.at\/katalog\/wp-json\/wp\/v2\/media?parent=34248"}],"wp:term":[{"taxonomy":"product_brand","embeddable":true,"href":"https:\/\/www.hirtenberg-apotheke.at\/katalog\/wp-json\/wp\/v2\/product_brand?post=34248"},{"taxonomy":"product_cat","embeddable":true,"href":"https:\/\/www.hirtenberg-apotheke.at\/katalog\/wp-json\/wp\/v2\/product_cat?post=34248"},{"taxonomy":"product_tag","embeddable":true,"href":"https:\/\/www.hirtenberg-apotheke.at\/katalog\/wp-json\/wp\/v2\/product_tag?post=34248"}],"curies":[{"name":"wp","href":"https:\/\/api.w.org\/{rel}","templated":true}]}}