{"id":34261,"date":"2025-11-25T22:51:16","date_gmt":"2025-11-25T21:51:16","guid":{"rendered":"https:\/\/www.hirtenberg-apotheke.at\/katalog\/produkt\/rubilind-classic-muskel-roll-on-roesch-50-ml\/"},"modified":"2025-11-25T22:52:11","modified_gmt":"2025-11-25T21:52:11","slug":"rubilind-classic-muskel-roll-on-roesch-50-ml","status":"publish","type":"product","link":"https:\/\/www.hirtenberg-apotheke.at\/katalog\/produkt\/rubilind-classic-muskel-roll-on-roesch-50-ml\/","title":{"rendered":"Rubilind Classic Muskel Roll On R\u00f6sch 50 ml"},"content":{"rendered":"<p>Rubilind Classic ist f\u00fcr all diejenigen, die es etwas milder in der Wirkung bevorzugen. Im Gegensatz zu unserem\u00a0Rubilind Rot\u00a0ist hier kein\u00a0Capsaicin, das aus der Chilischote gewonnen wird, enthalten. Nichtsdestotrotz bringen die wertvollen Inhaltsstoffe wie Kampfer, Menthol, Lavendel- und Rosmarin\u00f6l eine positive Wirkung auf den Bewegungsapparat und Nicotinaldehyd sorgt f\u00fcr die w\u00e4rmende, r\u00f6tende Wirkung und machen so den Rubilind Classic Muskel \u2013 Gelenks Roll On zum perfekten Begleiter bei Hexenschuss,\u00a0Muskelverspannung\u00a0und Muskelverh\u00e4rtung.<\/p>\n<p>&#13;<\/p>\n<p>\u00a0<\/p>\n<p>&#13;<\/p>\n<p><strong>Wirkung Rubilind Classic nach Originalrezeptur<\/strong><\/p>\n<p>&#13;<\/p>\n<p>Rubilind\u00a0enth\u00e4lt sowohl\u00a0Lavendel\u00f6l\u00a0als auch das wertvolle Rosmarin\u00f6l, welche f\u00fcr die durchblutungsf\u00f6rdernde und lockernde Wirkung auf den gesamten Bewegungsapparat gesch\u00e4tzt\u00a0werden.\u00a0Menthol und Kampfer geh\u00f6ren ebenfalls zu den wertvollen Bestandteilen des\u00a0Rubilinds. Menthol k\u00fchlt und erfrischt die Haut und ist auch durchblutungsf\u00f6rdernd. Beim Kampfer handelt es sich um einen schon seit der Antike verwendeten Wirkstoff, der durch Wasserdampfdestillation aus allen Teilen des Kampferbaums (Cinnamomum camphora) gewonnen wird und ebenfalls die Durchblutung f\u00f6rdert.<\/p>\n","protected":false},"excerpt":{"rendered":"<p>Rubilind Classic ist f\u00fcr all diejenigen, die es etwas milder in der Wirkung bevorzugen. Im Gegensatz zu unserem\u00a0Rubilind Rot\u00a0ist hier kein\u00a0Capsaicin, das aus der Chilischote gewonnen wird, enthalten. Nichtsdestotrotz bringen die wertvollen Inhaltsstoffe wie Kampfer, Menthol, Lavendel- und Rosmarin\u00f6l eine positive Wirkung auf den Bewegungsapparat und Nicotinaldehyd sorgt f\u00fcr die w\u00e4rmende, r\u00f6tende Wirkung und machen [&hellip;]<\/p>\n","protected":false},"featured_media":0,"template":"","meta":{"_acf_changed":false},"product_brand":[],"product_cat":[311],"product_tag":[],"class_list":{"0":"post-34261","1":"product","2":"type-product","3":"status-publish","5":"product_cat-r","6":"pa_packungsgroesse-50ml","8":"first","9":"instock","10":"shipping-taxable","11":"purchasable","12":"product-type-simple"},"acf":[],"_links":{"self":[{"href":"https:\/\/www.hirtenberg-apotheke.at\/katalog\/wp-json\/wp\/v2\/product\/34261","targetHints":{"allow":["GET"]}}],"collection":[{"href":"https:\/\/www.hirtenberg-apotheke.at\/katalog\/wp-json\/wp\/v2\/product"}],"about":[{"href":"https:\/\/www.hirtenberg-apotheke.at\/katalog\/wp-json\/wp\/v2\/types\/product"}],"wp:attachment":[{"href":"https:\/\/www.hirtenberg-apotheke.at\/katalog\/wp-json\/wp\/v2\/media?parent=34261"}],"wp:term":[{"taxonomy":"product_brand","embeddable":true,"href":"https:\/\/www.hirtenberg-apotheke.at\/katalog\/wp-json\/wp\/v2\/product_brand?post=34261"},{"taxonomy":"product_cat","embeddable":true,"href":"https:\/\/www.hirtenberg-apotheke.at\/katalog\/wp-json\/wp\/v2\/product_cat?post=34261"},{"taxonomy":"product_tag","embeddable":true,"href":"https:\/\/www.hirtenberg-apotheke.at\/katalog\/wp-json\/wp\/v2\/product_tag?post=34261"}],"curies":[{"name":"wp","href":"https:\/\/api.w.org\/{rel}","templated":true}]}}