{"id":34307,"date":"2025-11-25T22:52:14","date_gmt":"2025-11-25T21:52:14","guid":{"rendered":"https:\/\/www.hirtenberg-apotheke.at\/katalog\/produkt\/hansaplast-abc-waerme-pflaster-capsicum-2-stk\/"},"modified":"2025-11-25T22:54:02","modified_gmt":"2025-11-25T21:54:02","slug":"hansaplast-abc-waerme-pflaster-capsicum-2-stk","status":"publish","type":"product","link":"https:\/\/www.hirtenberg-apotheke.at\/katalog\/produkt\/hansaplast-abc-waerme-pflaster-capsicum-2-stk\/","title":{"rendered":"Hansaplast ABC W\u00e4rme-Pflaster Capsicum 2 Stk."},"content":{"rendered":"<p>Das ABC W\u00e4rme-Pflaster Capsicum von Hansaplast aktiviert die k\u00f6rpereigene Heilw\u00e4rme und hemmt dabei gleichzeitig die Schmerzweiterleitung. Neben seiner intensiv, langanhaltenden Wirkung ist es zuverl\u00e4ssig langanhaltend haftend.<\/p>\n","protected":false},"excerpt":{"rendered":"<p>Das ABC W\u00e4rme-Pflaster Capsicum von Hansaplast aktiviert die k\u00f6rpereigene Heilw\u00e4rme und hemmt dabei gleichzeitig die Schmerzweiterleitung. Neben seiner intensiv, langanhaltenden Wirkung ist es zuverl\u00e4ssig langanhaltend haftend.<\/p>\n","protected":false},"featured_media":0,"template":"","meta":{"_acf_changed":false},"product_brand":[],"product_cat":[330],"product_tag":[],"class_list":{"0":"post-34307","1":"product","2":"type-product","3":"status-publish","5":"product_cat-h","6":"pa_packungsgroesse-1-stueck","7":"pa_packungsgroesse-2-stueck","9":"first","10":"instock","11":"shipping-taxable","12":"purchasable","13":"product-type-simple"},"acf":[],"_links":{"self":[{"href":"https:\/\/www.hirtenberg-apotheke.at\/katalog\/wp-json\/wp\/v2\/product\/34307","targetHints":{"allow":["GET"]}}],"collection":[{"href":"https:\/\/www.hirtenberg-apotheke.at\/katalog\/wp-json\/wp\/v2\/product"}],"about":[{"href":"https:\/\/www.hirtenberg-apotheke.at\/katalog\/wp-json\/wp\/v2\/types\/product"}],"wp:attachment":[{"href":"https:\/\/www.hirtenberg-apotheke.at\/katalog\/wp-json\/wp\/v2\/media?parent=34307"}],"wp:term":[{"taxonomy":"product_brand","embeddable":true,"href":"https:\/\/www.hirtenberg-apotheke.at\/katalog\/wp-json\/wp\/v2\/product_brand?post=34307"},{"taxonomy":"product_cat","embeddable":true,"href":"https:\/\/www.hirtenberg-apotheke.at\/katalog\/wp-json\/wp\/v2\/product_cat?post=34307"},{"taxonomy":"product_tag","embeddable":true,"href":"https:\/\/www.hirtenberg-apotheke.at\/katalog\/wp-json\/wp\/v2\/product_tag?post=34307"}],"curies":[{"name":"wp","href":"https:\/\/api.w.org\/{rel}","templated":true}]}}