{"id":34353,"date":"2025-11-25T22:53:06","date_gmt":"2025-11-25T21:53:06","guid":{"rendered":"https:\/\/www.hirtenberg-apotheke.at\/katalog\/produkt\/est-essigsaure-tonerde-tabletten-5-stk\/"},"modified":"2025-11-25T22:54:16","modified_gmt":"2025-11-25T21:54:16","slug":"est-essigsaure-tonerde-tabletten-5-stk","status":"publish","type":"product","link":"https:\/\/www.hirtenberg-apotheke.at\/katalog\/produkt\/est-essigsaure-tonerde-tabletten-5-stk\/","title":{"rendered":"EST Essigsaure Tonerde Tabletten 5 Stk."},"content":{"rendered":"<p>EST Essigsaure Tonerde Tabletten sind ein altbew\u00e4hrtes Produkt, dessen Marke schon seit 1956 gesch\u00fctzt ist. Das Mittel wirkt schnell bei Quetschungen, Insektenstichen, Schwellungen und Verstauchungen, wie sie etwa bei Sport- oder Freizeitunf\u00e4llen oder nach Umknicken passieren k\u00f6nne. Wirkt k\u00fchlend und lindernd, l\u00e4sst Anschwellungen und Bluterg\u00fcsse zur\u00fcckgehen.<\/p>\n","protected":false},"excerpt":{"rendered":"<p>EST Essigsaure Tonerde Tabletten sind ein altbew\u00e4hrtes Produkt, dessen Marke schon seit 1956 gesch\u00fctzt ist. Das Mittel wirkt schnell bei Quetschungen, Insektenstichen, Schwellungen und Verstauchungen, wie sie etwa bei Sport- oder Freizeitunf\u00e4llen oder nach Umknicken passieren k\u00f6nne. Wirkt k\u00fchlend und lindernd, l\u00e4sst Anschwellungen und Bluterg\u00fcsse zur\u00fcckgehen.<\/p>\n","protected":false},"featured_media":34355,"template":"","meta":{"_acf_changed":false},"product_brand":[],"product_cat":[307],"product_tag":[],"class_list":{"0":"post-34353","1":"product","2":"type-product","3":"status-publish","4":"has-post-thumbnail","6":"product_cat-e","7":"pa_packungsgroesse-5-stueck","9":"first","10":"instock","11":"shipping-taxable","12":"purchasable","13":"product-type-simple"},"acf":[],"_links":{"self":[{"href":"https:\/\/www.hirtenberg-apotheke.at\/katalog\/wp-json\/wp\/v2\/product\/34353","targetHints":{"allow":["GET"]}}],"collection":[{"href":"https:\/\/www.hirtenberg-apotheke.at\/katalog\/wp-json\/wp\/v2\/product"}],"about":[{"href":"https:\/\/www.hirtenberg-apotheke.at\/katalog\/wp-json\/wp\/v2\/types\/product"}],"wp:featuredmedia":[{"embeddable":true,"href":"https:\/\/www.hirtenberg-apotheke.at\/katalog\/wp-json\/wp\/v2\/media\/34355"}],"wp:attachment":[{"href":"https:\/\/www.hirtenberg-apotheke.at\/katalog\/wp-json\/wp\/v2\/media?parent=34353"}],"wp:term":[{"taxonomy":"product_brand","embeddable":true,"href":"https:\/\/www.hirtenberg-apotheke.at\/katalog\/wp-json\/wp\/v2\/product_brand?post=34353"},{"taxonomy":"product_cat","embeddable":true,"href":"https:\/\/www.hirtenberg-apotheke.at\/katalog\/wp-json\/wp\/v2\/product_cat?post=34353"},{"taxonomy":"product_tag","embeddable":true,"href":"https:\/\/www.hirtenberg-apotheke.at\/katalog\/wp-json\/wp\/v2\/product_tag?post=34353"}],"curies":[{"name":"wp","href":"https:\/\/api.w.org\/{rel}","templated":true}]}}