{"id":34479,"date":"2025-11-25T22:55:55","date_gmt":"2025-11-25T21:55:55","guid":{"rendered":"https:\/\/www.hirtenberg-apotheke.at\/katalog\/produkt\/mundspray-saenger-oel-pur-30-ml\/"},"modified":"2025-11-25T22:56:19","modified_gmt":"2025-11-25T21:56:19","slug":"mundspray-saenger-oel-pur-30-ml","status":"publish","type":"product","link":"https:\/\/www.hirtenberg-apotheke.at\/katalog\/produkt\/mundspray-saenger-oel-pur-30-ml\/","title":{"rendered":"Mundspray S\u00e4nger \u00d6l Pur 30 ml"},"content":{"rendered":"<p>Mundspray S\u00e4nger \u00d6l Pur mit Kr\u00e4uterextrakten sch\u00fctzt vor Heiserkeit. Au\u00dferdem pflegt er Schleimh\u00e4ute und Stimmb\u00e4nder. Dar\u00fcber hinaus verleiht das Produkt eine klare, reine Stimme.<\/p>\n","protected":false},"excerpt":{"rendered":"<p>Mundspray S\u00e4nger \u00d6l Pur mit Kr\u00e4uterextrakten sch\u00fctzt vor Heiserkeit. Au\u00dferdem pflegt er Schleimh\u00e4ute und Stimmb\u00e4nder. Dar\u00fcber hinaus verleiht das Produkt eine klare, reine Stimme.<\/p>\n","protected":false},"featured_media":34481,"template":"","meta":{"_acf_changed":false},"product_brand":[],"product_cat":[308],"product_tag":[],"class_list":{"0":"post-34479","1":"product","2":"type-product","3":"status-publish","4":"has-post-thumbnail","6":"product_cat-m","7":"pa_packungsgroesse-30ml","9":"first","10":"instock","11":"shipping-taxable","12":"purchasable","13":"product-type-simple"},"acf":[],"_links":{"self":[{"href":"https:\/\/www.hirtenberg-apotheke.at\/katalog\/wp-json\/wp\/v2\/product\/34479","targetHints":{"allow":["GET"]}}],"collection":[{"href":"https:\/\/www.hirtenberg-apotheke.at\/katalog\/wp-json\/wp\/v2\/product"}],"about":[{"href":"https:\/\/www.hirtenberg-apotheke.at\/katalog\/wp-json\/wp\/v2\/types\/product"}],"wp:featuredmedia":[{"embeddable":true,"href":"https:\/\/www.hirtenberg-apotheke.at\/katalog\/wp-json\/wp\/v2\/media\/34481"}],"wp:attachment":[{"href":"https:\/\/www.hirtenberg-apotheke.at\/katalog\/wp-json\/wp\/v2\/media?parent=34479"}],"wp:term":[{"taxonomy":"product_brand","embeddable":true,"href":"https:\/\/www.hirtenberg-apotheke.at\/katalog\/wp-json\/wp\/v2\/product_brand?post=34479"},{"taxonomy":"product_cat","embeddable":true,"href":"https:\/\/www.hirtenberg-apotheke.at\/katalog\/wp-json\/wp\/v2\/product_cat?post=34479"},{"taxonomy":"product_tag","embeddable":true,"href":"https:\/\/www.hirtenberg-apotheke.at\/katalog\/wp-json\/wp\/v2\/product_tag?post=34479"}],"curies":[{"name":"wp","href":"https:\/\/api.w.org\/{rel}","templated":true}]}}