{"id":34649,"date":"2025-11-25T22:58:40","date_gmt":"2025-11-25T21:58:40","guid":{"rendered":"https:\/\/www.hirtenberg-apotheke.at\/katalog\/produkt\/espara-teufelskralle-gel-100-ml\/"},"modified":"2025-11-25T22:59:01","modified_gmt":"2025-11-25T21:59:01","slug":"espara-teufelskralle-gel-100-ml","status":"publish","type":"product","link":"https:\/\/www.hirtenberg-apotheke.at\/katalog\/produkt\/espara-teufelskralle-gel-100-ml\/","title":{"rendered":"Espara Teufelskralle Gel 100 ml"},"content":{"rendered":"<p>Die in dem Gel enthaltenen erw\u00e4rmenden Wirkstoffe erg\u00e4nzen die wohltuende Wirkung der Teufelskralle und verursachen ein angenehmes Gef\u00fchl durch die oberfl\u00e4chliche Erw\u00e4rmung. Sowohl Erdnuss\u00f6l als auch Sonnenblumen\u00f6l enthalten hautpflegende Wirkstoffe.<\/p>\n","protected":false},"excerpt":{"rendered":"<p>Die in dem Gel enthaltenen erw\u00e4rmenden Wirkstoffe erg\u00e4nzen die wohltuende Wirkung der Teufelskralle und verursachen ein angenehmes Gef\u00fchl durch die oberfl\u00e4chliche Erw\u00e4rmung. Sowohl Erdnuss\u00f6l als auch Sonnenblumen\u00f6l enthalten hautpflegende Wirkstoffe.<\/p>\n","protected":false},"featured_media":34651,"template":"","meta":{"_acf_changed":false},"product_brand":[341],"product_cat":[307],"product_tag":[],"class_list":{"0":"post-34649","1":"product","2":"type-product","3":"status-publish","4":"has-post-thumbnail","6":"product_brand-espara","7":"product_cat-e","8":"pa_packungsgroesse-100ml","10":"first","11":"instock","12":"shipping-taxable","13":"purchasable","14":"product-type-simple"},"acf":[],"_links":{"self":[{"href":"https:\/\/www.hirtenberg-apotheke.at\/katalog\/wp-json\/wp\/v2\/product\/34649","targetHints":{"allow":["GET"]}}],"collection":[{"href":"https:\/\/www.hirtenberg-apotheke.at\/katalog\/wp-json\/wp\/v2\/product"}],"about":[{"href":"https:\/\/www.hirtenberg-apotheke.at\/katalog\/wp-json\/wp\/v2\/types\/product"}],"wp:featuredmedia":[{"embeddable":true,"href":"https:\/\/www.hirtenberg-apotheke.at\/katalog\/wp-json\/wp\/v2\/media\/34651"}],"wp:attachment":[{"href":"https:\/\/www.hirtenberg-apotheke.at\/katalog\/wp-json\/wp\/v2\/media?parent=34649"}],"wp:term":[{"taxonomy":"product_brand","embeddable":true,"href":"https:\/\/www.hirtenberg-apotheke.at\/katalog\/wp-json\/wp\/v2\/product_brand?post=34649"},{"taxonomy":"product_cat","embeddable":true,"href":"https:\/\/www.hirtenberg-apotheke.at\/katalog\/wp-json\/wp\/v2\/product_cat?post=34649"},{"taxonomy":"product_tag","embeddable":true,"href":"https:\/\/www.hirtenberg-apotheke.at\/katalog\/wp-json\/wp\/v2\/product_tag?post=34649"}],"curies":[{"name":"wp","href":"https:\/\/api.w.org\/{rel}","templated":true}]}}