{"id":34677,"date":"2025-11-25T22:58:40","date_gmt":"2025-11-25T21:58:40","guid":{"rendered":"https:\/\/www.hirtenberg-apotheke.at\/katalog\/produkt\/casida-magnesiumoel-vitalspray-mit-zechstein-magnesium\/"},"modified":"2025-11-25T22:59:30","modified_gmt":"2025-11-25T21:59:30","slug":"casida-magnesiumoel-vitalspray-mit-zechstein-magnesium","status":"publish","type":"product","link":"https:\/\/www.hirtenberg-apotheke.at\/katalog\/produkt\/casida-magnesiumoel-vitalspray-mit-zechstein-magnesium\/","title":{"rendered":"Casida MAGNESIUM\u00d6L VITALSPRAY mit Zechstein Magnesium"},"content":{"rendered":"<p>Das innovative Magnesium\u00f6l Vitalspray ist eine naturreine Magnesiumchlorid L\u00f6sung zum Auftragen auf die Haut. Das Spray enth\u00e4lt 31 % Magnesium und wird \u00e4u\u00dferlich zur Massage, Regeneration und Pflege angewendet.<\/p>\n","protected":false},"excerpt":{"rendered":"<p>Das innovative Magnesium\u00f6l Vitalspray ist eine naturreine Magnesiumchlorid L\u00f6sung zum Auftragen auf die Haut. Das Spray enth\u00e4lt 31 % Magnesium und wird \u00e4u\u00dferlich zur Massage, Regeneration und Pflege angewendet.<\/p>\n","protected":false},"featured_media":34679,"template":"","meta":{"_acf_changed":false},"product_brand":[],"product_cat":[337],"product_tag":[],"class_list":{"0":"post-34677","1":"product","2":"type-product","3":"status-publish","4":"has-post-thumbnail","6":"product_cat-c","7":"pa_packungsgroesse-100ml","9":"first","10":"instock","11":"shipping-taxable","12":"purchasable","13":"product-type-simple"},"acf":[],"_links":{"self":[{"href":"https:\/\/www.hirtenberg-apotheke.at\/katalog\/wp-json\/wp\/v2\/product\/34677","targetHints":{"allow":["GET"]}}],"collection":[{"href":"https:\/\/www.hirtenberg-apotheke.at\/katalog\/wp-json\/wp\/v2\/product"}],"about":[{"href":"https:\/\/www.hirtenberg-apotheke.at\/katalog\/wp-json\/wp\/v2\/types\/product"}],"wp:featuredmedia":[{"embeddable":true,"href":"https:\/\/www.hirtenberg-apotheke.at\/katalog\/wp-json\/wp\/v2\/media\/34679"}],"wp:attachment":[{"href":"https:\/\/www.hirtenberg-apotheke.at\/katalog\/wp-json\/wp\/v2\/media?parent=34677"}],"wp:term":[{"taxonomy":"product_brand","embeddable":true,"href":"https:\/\/www.hirtenberg-apotheke.at\/katalog\/wp-json\/wp\/v2\/product_brand?post=34677"},{"taxonomy":"product_cat","embeddable":true,"href":"https:\/\/www.hirtenberg-apotheke.at\/katalog\/wp-json\/wp\/v2\/product_cat?post=34677"},{"taxonomy":"product_tag","embeddable":true,"href":"https:\/\/www.hirtenberg-apotheke.at\/katalog\/wp-json\/wp\/v2\/product_tag?post=34677"}],"curies":[{"name":"wp","href":"https:\/\/api.w.org\/{rel}","templated":true}]}}