{"id":34704,"date":"2025-11-25T22:59:41","date_gmt":"2025-11-25T21:59:41","guid":{"rendered":"https:\/\/www.hirtenberg-apotheke.at\/katalog\/produkt\/perskindol-cool-spray-250-ml\/"},"modified":"2025-11-25T22:59:58","modified_gmt":"2025-11-25T21:59:58","slug":"perskindol-cool-spray-250-ml","status":"publish","type":"product","link":"https:\/\/www.hirtenberg-apotheke.at\/katalog\/produkt\/perskindol-cool-spray-250-ml\/","title":{"rendered":"Perskindol Cool Spray 250 ml"},"content":{"rendered":"<p>Perskindol Cool Spray gew\u00e4hrleistet eine rasche und wirkungsvolle K\u00fchlung und Schmerzlinderung bei Zerrungen, Prellungen, Verstauchungen, Quetschungen, Verrenkungen oder Bluterg\u00fcssen.<\/p>\n","protected":false},"excerpt":{"rendered":"<p>Perskindol Cool Spray gew\u00e4hrleistet eine rasche und wirkungsvolle K\u00fchlung und Schmerzlinderung bei Zerrungen, Prellungen, Verstauchungen, Quetschungen, Verrenkungen oder Bluterg\u00fcssen.<\/p>\n","protected":false},"featured_media":0,"template":"","meta":{"_acf_changed":false},"product_brand":[986],"product_cat":[302],"product_tag":[],"class_list":{"0":"post-34704","1":"product","2":"type-product","3":"status-publish","5":"product_brand-perskindol","6":"product_cat-p","7":"pa_packungsgroesse-250ml","9":"first","10":"instock","11":"shipping-taxable","12":"purchasable","13":"product-type-simple"},"acf":[],"_links":{"self":[{"href":"https:\/\/www.hirtenberg-apotheke.at\/katalog\/wp-json\/wp\/v2\/product\/34704","targetHints":{"allow":["GET"]}}],"collection":[{"href":"https:\/\/www.hirtenberg-apotheke.at\/katalog\/wp-json\/wp\/v2\/product"}],"about":[{"href":"https:\/\/www.hirtenberg-apotheke.at\/katalog\/wp-json\/wp\/v2\/types\/product"}],"wp:attachment":[{"href":"https:\/\/www.hirtenberg-apotheke.at\/katalog\/wp-json\/wp\/v2\/media?parent=34704"}],"wp:term":[{"taxonomy":"product_brand","embeddable":true,"href":"https:\/\/www.hirtenberg-apotheke.at\/katalog\/wp-json\/wp\/v2\/product_brand?post=34704"},{"taxonomy":"product_cat","embeddable":true,"href":"https:\/\/www.hirtenberg-apotheke.at\/katalog\/wp-json\/wp\/v2\/product_cat?post=34704"},{"taxonomy":"product_tag","embeddable":true,"href":"https:\/\/www.hirtenberg-apotheke.at\/katalog\/wp-json\/wp\/v2\/product_tag?post=34704"}],"curies":[{"name":"wp","href":"https:\/\/api.w.org\/{rel}","templated":true}]}}